{"id":9161,"date":"2021-05-19T22:13:45","date_gmt":"2021-05-19T22:13:45","guid":{"rendered":"https:\/\/metalstory.eu\/polityka-prywatnosci\/"},"modified":"2023-12-20T01:38:52","modified_gmt":"2023-12-20T01:38:52","slug":"datenschutzrichtlinie","status":"publish","type":"page","link":"https:\/\/metalstory.eu\/de\/datenschutzrichtlinie\/","title":{"rendered":"Datenschutzrichtlinie"},"content":{"rendered":"\n<p id=\"block-6474bf0d-3e35-4c36-8bbf-f75459afcc8f\"><strong>Datenschutzrichtlinie<\/strong>.<\/p>\n\n\n\n<p id=\"block-d7e2c19c-1f16-4ce9-a480-a10de542f06e\"><strong>Abschnitt 1 &#8211; WAS TUN WIR MIT IHREN DATEN?<\/strong><\/p>\n\n\n\n<p id=\"block-fdadec80-1e7e-4713-91ac-54e3993b9c82\">Wenn Sie etwas in unserem Shop kaufen, erfassen wir im Rahmen des Kauf- und Verkaufsprozesses die von Ihnen angegebenen pers\u00f6nlichen Daten wie Ihren Namen, Ihre Adresse und Ihre E-Mail-Adresse.<\/p>\n\n\n\n<p id=\"block-9e37bfad-55c6-4ed9-bc2d-8e8a8daf2fcd\">Wenn Sie in unserem Shop surfen, erhalten wir auch automatisch die Internet-Protokoll-Adresse (IP-Adresse) Ihres Computers, um uns Informationen \u00fcber Ihren Browser und Ihr Betriebssystem zu liefern.<\/p>\n\n\n\n<p id=\"block-1e01d42a-d539-4b0e-a34f-4609be93e97a\">E-Mail-Marketing (falls zutreffend): Mit Ihrer Zustimmung k\u00f6nnen wir Ihnen E-Mails \u00fcber unseren Shop, neue Produkte und andere Aktualisierungen senden.<\/p>\n\n\n\n<p id=\"block-2106bce4-991f-4c4c-b6f1-1a51bd9cf977\"><strong>ABSCHNITT 2 &#8211; ZUSTIMMUNG<\/strong>.<\/p>\n\n\n\n<p id=\"block-26e058db-94eb-4f0b-8ee2-4ea3d8bbd1ff\">Wie erhalten Sie meine Zustimmung?<\/p>\n\n\n\n<p id=\"block-3bf9b04c-b140-40e6-849d-f6256b174e88\">Wenn Sie uns Ihre pers\u00f6nlichen Daten zur Verf\u00fcgung stellen, um eine Transaktion abzuschlie\u00dfen, eine Kreditkarte zu \u00fcberpr\u00fcfen, eine Bestellung aufzugeben, eine Lieferung zu vereinbaren oder einen Kauf zur\u00fcckzusenden, bedeutet dies, dass Sie der Erfassung und Verwendung dieser Daten nur zu diesem speziellen Zweck zustimmen.<\/p>\n\n\n\n<p id=\"block-5c638317-7655-4bd1-8a05-8b63bf889ffb\">Wenn wir Sie aus einem anderen Grund um Ihre pers\u00f6nlichen Daten bitten, z. B. f\u00fcr Marketingzwecke, werden wir Sie direkt um Ihre Zustimmung bitten oder Ihnen die M\u00f6glichkeit geben, diese zu verweigern.<\/p>\n\n\n\n<p id=\"block-a3277e66-1ae5-4304-acd1-164c944d1175\">Wie kann ich meine Zustimmung zur\u00fcckziehen?<\/p>\n\n\n\n<p id=\"block-6ac1d5a7-1846-4e2b-af6a-85bb1a19bed3\">Wenn Sie Ihre Meinung \u00e4ndern, nachdem Sie Ihre Zustimmung gegeben haben, k\u00f6nnen Sie Ihre Zustimmung zur weiteren Erfassung, Verwendung oder Weitergabe Ihrer Daten jederzeit widerrufen, indem Sie uns unter info@metalstory.eu kontaktieren oder eine Nachricht an uns senden: INTELIIT Sp. z o.o., 7\/29 Osikowa Stra\u00dfe, 01-928 Warschau, Polen.<\/p>\n\n\n\n<p id=\"block-012ed191-b60d-45ba-8b70-c7a1b3480608\"><strong>ABSCHNITT 3 &#8211; WEITERGABE VON INFORMATIONEN<\/strong>.<\/p>\n\n\n\n<p id=\"block-c7e4345f-2a75-42f8-ba70-04b0fed4e093\">Wir k\u00f6nnen Ihre pers\u00f6nlichen Daten weitergeben, wenn wir gesetzlich dazu verpflichtet sind oder wenn Sie gegen unsere Nutzungsbedingungen versto\u00dfen.<\/p>\n\n\n\n<p id=\"block-fb0a4445-9dcf-4284-b178-48b41c6c8baa\"><strong>ABSCHNITT 4 &#8211; INTERNET STORE, ZAHLUNGSSCHNITTSTELLE<\/strong>.<\/p>\n\n\n\n<p id=\"block-0ccf1236-c601-4e2f-b16d-70cee2b5dcb3\">Unser Online-Shop wird in einer sicheren Umgebung betrieben, die Backups und sichere Verbindungen bietet, um unsere Produkte und Dienstleistungen an Sie zu verkaufen.<\/p>\n\n\n\n<p id=\"block-922bc1ed-78ea-4eb3-a555-c72be092738d\">Ihre Daten werden auf dem sicheren Datenspeicher, der Datenbank und der allgemeinen Onlineshop-Anwendung des Onlineshops gespeichert.<br>Sie speichern Ihre Daten auf einem sicheren Server hinter einer Firewall.<\/p>\n\n\n\n<p id=\"block-c903542a-78a2-402f-8ede-7a5da651246d\">Zahlungen:<\/p>\n\n\n\n<p id=\"block-a5b11328-7736-4ec7-966c-c396ea08ca7a\">Wenn Sie sich f\u00fcr ein direktes Zahlungsgateway entscheiden, um Ihren Einkauf abzuschlie\u00dfen, werden Ihre Kreditkartendaten von stripe.com oder paypal.com gespeichert. Diese werden in \u00dcbereinstimmung mit dem Payment Card Industry Data Security Standard (PCI-DSS) verschl\u00fcsselt. Die Daten der Kauftransaktion werden nur so lange gespeichert, wie es f\u00fcr die Abwicklung der Kauftransaktion erforderlich ist. Nach Abschluss des Kaufvorgangs werden die Daten gel\u00f6scht.<\/p>\n\n\n\n<p id=\"block-508f6af9-057b-4941-a0fa-0d254df7874f\">Sie k\u00f6nnen auch \u00fcber przelewy24.pl bezahlen, einen sicheren Zahlungsdienstleister in Polen. Er bietet einen sicheren Online-Service, der Zahlungen zwischen dem Zahler und dem H\u00e4ndler vermittelt.<\/p>\n\n\n\n<p id=\"block-495e7c68-c870-470a-b026-936eea8a3725\">Alle direkten Zahlungsgateways erf\u00fcllen die Standards des PCI-DSS, der vom PCI Security Standards Council verwaltet wird, einer gemeinsamen Initiative von Marken wie Visa, MasterCard, American Express und Discover.<\/p>\n\n\n\n<p id=\"block-f728e3aa-4469-44c1-90d4-e51c468005b2\">Weitere Einzelheiten finden Sie in den Datenschutzbestimmungen auf PayPal.com<\/p>\n\n\n\n<p id=\"block-4c60c950-d190-4b79-853d-a0cb11b64415\">Die PCI-DSS-Anforderungen tragen dazu bei, den sicheren Umgang mit Kreditkartendaten in unserem Gesch\u00e4ft und bei seinen Dienstleistern zu gew\u00e4hrleisten.<\/p>\n\n\n\n<p id=\"block-d73960f2-795f-45f9-8db5-0cd1667b1582\"><strong>Abschnitt 5 &#8211; DIENSTLEISTUNGEN ANDERER UNTERNEHMEN<\/strong>.<\/p>\n\n\n\n<p id=\"block-1597dd8f-28d3-4f2c-b80b-65dba629014b\">Im Allgemeinen werden die von uns eingesetzten Drittanbieter Ihre Daten nur in dem Ma\u00dfe erfassen, verwenden und weitergeben, wie es f\u00fcr die Erbringung der von ihnen f\u00fcr uns erbrachten Dienstleistungen erforderlich ist.<\/p>\n\n\n\n<p id=\"block-7c1bc0b8-cd01-4415-9e29-f5985dbc9e3e\">Einige Dienstleister, wie z. B. Zahlungs-Gateways und andere Zahlungsverkehrsabwickler, haben jedoch ihre eigenen Datenschutzrichtlinien f\u00fcr die Informationen, die wir ihnen in Verbindung mit kaufbezogenen Transaktionen zur Verf\u00fcgung stellen m\u00fcssen.<\/p>\n\n\n\n<p id=\"block-16f07e45-8605-47c0-99d7-efe081aa78a4\">Bei diesen Anbietern empfehlen wir Ihnen, deren Datenschutzrichtlinien zu lesen, um zu verstehen, wie Ihre personenbezogenen Daten von ihnen verarbeitet werden.<\/p>\n\n\n\n<p id=\"block-91b294b4-5b0e-4bc5-bdc1-131592dd04c4\">Bitte beachten Sie insbesondere, dass einige Anbieter ihren Sitz oder ihre Einrichtungen in einer anderen Rechtsordnung als Sie oder wir haben k\u00f6nnen. Wenn Sie sich also f\u00fcr eine Transaktion entscheiden, die die Dienste eines Drittanbieters einbezieht, k\u00f6nnen Ihre Daten den Gesetzen des Landes unterliegen, in dem dieser Anbieter oder seine Einrichtungen ans\u00e4ssig sind.<\/p>\n\n\n\n<p id=\"block-ab369922-e56b-4d2d-9de0-2c6c71ca63f4\">Wenn Sie beispielsweise in Kanada ans\u00e4ssig sind und Ihre Transaktion \u00fcber ein Zahlungs-Gateway in den Vereinigten Staaten abgewickelt wird, k\u00f6nnen Ihre pers\u00f6nlichen Daten, die zur Abwicklung der Transaktion verwendet werden, gem\u00e4\u00df der US-Gesetzgebung, einschlie\u00dflich des Patriot Act, offengelegt werden.<\/p>\n\n\n\n<p id=\"block-f3d491c3-e235-4a3e-8c1c-6a0c14cc6691\">Sobald Sie die Website unseres Shops verlassen oder zu einer Website oder Anwendung eines Dritten weitergeleitet werden, unterliegen Sie nicht mehr dieser Datenschutzrichtlinie oder den Nutzungsbedingungen unserer Website.<\/p>\n\n\n\n<p id=\"block-e929289a-bb20-43b6-bc3f-fd71f88c5eda\">Links<\/p>\n\n\n\n<p id=\"block-716b3eb6-737b-487c-b3c9-68906a67bdf0\">Wenn Sie auf Links in unserem Shop klicken, k\u00f6nnen diese Sie von unserer Website wegf\u00fchren. Wir sind nicht verantwortlich f\u00fcr die Datenschutzpraktiken anderer Websites und empfehlen Ihnen, deren Datenschutzerkl\u00e4rungen zu lesen.<\/p>\n\n\n\n<p id=\"block-f83e5877-c46d-46d1-8f97-c9ad8420deba\"><strong>ABSCHNITT 6 &#8211; SICHERHEIT<\/strong>.<\/p>\n\n\n\n<p id=\"block-b4f0af81-031a-4d90-ab2e-03213117a61b\">Um Ihre pers\u00f6nlichen Daten zu sch\u00fctzen, treffen wir angemessene Vorkehrungen und befolgen die besten Praktiken der Branche, um zu gew\u00e4hrleisten, dass sie nicht unangemessen verloren gehen, missbraucht, aufgerufen, offengelegt, ver\u00e4ndert oder zerst\u00f6rt werden.<\/p>\n\n\n\n<p id=\"block-07bd3907-50b6-48f0-8540-0d8681516f41\">Wenn Sie uns Kreditkartendaten zur Verf\u00fcgung stellen, werden diese Daten mit der Secure Socket Layer-Technologie (SSL) verschl\u00fcsselt und mit AES-256-Verschl\u00fcsselung gespeichert. Obwohl keine Methode der \u00dcbertragung \u00fcber das Internet oder der elektronischen Speicherung zu 100 % sicher ist, erf\u00fcllen wir alle PCI-DSS-Anforderungen und setzen weitere allgemein anerkannte Industriestandards um.<\/p>\n\n\n\n<p id=\"block-f8bca161-40a6-41c4-8b51-c3e1d7ba2416\">COOKIES<\/p>\n\n\n\n<p id=\"block-1a3423cd-e9a5-4ff6-bb2a-658a75ecdf93\">Wenn Sie einen Kommentar auf unserer Website hinterlassen, haben Sie die M\u00f6glichkeit, Ihren Namen, Ihre E-Mail-Adresse und Ihre Website-Adresse in Cookies zu speichern, so dass Sie beim Verfassen weiterer Kommentare die oben genannten Informationen bereits bequem erg\u00e4nzen k\u00f6nnen. Cookies verfallen nach einem Jahr.<\/p>\n\n\n\n<p id=\"block-1be718f8-b3d9-4012-a801-9c4f3300d20a\">Wenn Sie die Anmeldeseite besuchen, legen wir ein tempor\u00e4res Cookie an, um zu pr\u00fcfen, ob Ihr Browser Cookies akzeptiert. Dieser enth\u00e4lt keine personenbezogenen Daten und wird beim Schlie\u00dfen des Browsers wieder gel\u00f6scht.<\/p>\n\n\n\n<p id=\"block-22ef9703-5891-4585-8710-f6d794a21741\">Wenn Sie sich anmelden, erstellen wir zus\u00e4tzlich mehrere Cookies, die zum Speichern Ihrer Anmeldeinformationen und ausgew\u00e4hlten Bildschirmoptionen ben\u00f6tigt werden. Die Login-Cookies verfallen nach zwei Tagen und die Bildschirmoptionen nach einem Jahr. Wenn Sie die Option &#8220;Remember me&#8221; w\u00e4hlen, l\u00e4uft Ihr Login nach zwei Wochen ab. Wenn Sie sich von Ihrem Konto abmelden, werden Ihre Login-Cookies gel\u00f6scht.<\/p>\n\n\n\n<p id=\"block-0cdf70e2-b5e2-4090-a408-50744b6cb754\">Wenn Sie einen Artikel \u00e4ndern oder ver\u00f6ffentlichen, wird ein zus\u00e4tzliches Cookie in Ihrem Browser gespeichert. Dieses Cookie enth\u00e4lt keine pers\u00f6nlichen Daten, sondern verweist lediglich auf die ID des Artikels, den Sie gerade bearbeitet haben. Er verf\u00e4llt nach 1 Tag.<\/p>\n\n\n\n<p id=\"block-c0526fe6-b4b1-4bf3-ad2d-b39a445415fb\">ABSCHNITT 7 &#8211; MINDERJ\u00c4HRIGKEIT<\/p>\n\n\n\n<p id=\"block-e75dc3dd-3c83-4103-9254-096b3bfa4f31\">Durch die Nutzung dieser Website versichern Sie, dass Sie in dem Land, in dem Sie Ihren Wohnsitz haben, mindestens vollj\u00e4hrig sind, oder dass Sie in dem Land, in dem Sie Ihren Wohnsitz haben, vollj\u00e4hrig sind und zugestimmt haben, dass Minderj\u00e4hrige unter Ihrer Obhut diese Website nutzen k\u00f6nnen.<\/p>\n\n\n\n<p id=\"block-704274fb-a158-4317-9a50-accccaf9193b\">ABSCHNITT 8 &#8211; \u00c4NDERUNGEN AN DIESER DATENSCHUTZERKL\u00c4RUNG<\/p>\n\n\n\n<p id=\"block-7cc6a9ce-12b5-478f-8e9c-1871b32a3987\">Wir behalten uns das Recht vor, diese Datenschutzrichtlinie jederzeit zu \u00e4ndern, daher bitten wir Sie, sie regelm\u00e4\u00dfig zu \u00fcberpr\u00fcfen. \u00c4nderungen und Klarstellungen treten in Kraft, sobald sie auf der Website ver\u00f6ffentlicht werden. Wenn wir wesentliche \u00c4nderungen an dieser Richtlinie vornehmen, werden wir Sie an dieser Stelle \u00fcber die Aktualisierung informieren, damit Sie wissen, welche Informationen wir sammeln, wie wir sie verwenden und unter welchen Umst\u00e4nden wir sie gegebenenfalls verwenden und\/oder weitergeben.<\/p>\n\n\n\n<p id=\"block-1f4382fc-41b9-4a24-9608-1f531662a493\">Sollte unser Shop von einem anderen Unternehmen \u00fcbernommen oder mit diesem fusioniert werden, k\u00f6nnen Ihre Daten an den neuen Eigent\u00fcmer \u00fcbertragen werden, damit wir weiterhin Produkte f\u00fcr Sie verkaufen k\u00f6nnen.<\/p>\n\n\n\n<p id=\"block-fac4890c-9c1f-469c-86ad-c1b71cc6bb03\">FRAGEN UND KONTAKTINFORMATIONEN<\/p>\n\n\n\n<p id=\"block-a17274dd-2184-4ffc-af5b-52e77e3bfce1\">Wenn Sie auf die von uns gespeicherten personenbezogenen Daten zugreifen, sie korrigieren, erg\u00e4nzen oder l\u00f6schen m\u00f6chten, eine Beschwerde einreichen oder einfach nur weitere Informationen w\u00fcnschen, wenden Sie sich bitte an unseren Datenschutzbeauftragten unter info@metalstory.eu oder per Post an INTELIIT Sp. z o.o. 7\/29 Osikowa Street, 01-928 Warschau, Polen.<\/p>\n","protected":false},"excerpt":{"rendered":"<p>Datenschutzrichtlinie. Abschnitt 1 &#8211; WAS TUN WIR MIT IHREN DATEN? Wenn Sie etwas in unserem Shop kaufen, erfassen wir im Rahmen des Kauf- und Verkaufsprozesses die<span class=\"excerpt-hellip\"> [\u2026]<\/span><\/p>\n","protected":false},"author":1,"featured_media":0,"parent":0,"menu_order":0,"comment_status":"closed","ping_status":"closed","template":"","meta":{"footnotes":""},"class_list":["post-9161","page","type-page","status-publish","hentry"],"yoast_head":"<!-- This site is optimized with the Yoast SEO Premium plugin v26.4 (Yoast SEO v27.5) - https:\/\/yoast.com\/product\/yoast-seo-premium-wordpress\/ -->\n<title>Datenschutzrichtlinie - Metal Story<\/title>\n<meta name=\"robots\" content=\"index, follow, max-snippet:-1, max-image-preview:large, max-video-preview:-1\" \/>\n<link rel=\"canonical\" href=\"https:\/\/metalstory.eu\/de\/datenschutzrichtlinie\/\" \/>\n<meta property=\"og:locale\" content=\"de_DE\" \/>\n<meta property=\"og:type\" content=\"article\" \/>\n<meta property=\"og:title\" content=\"Datenschutzrichtlinie\" \/>\n<meta property=\"og:description\" content=\"Datenschutzrichtlinie. Abschnitt 1 - WAS TUN WIR MIT IHREN DATEN? Wenn Sie etwas in unserem Shop kaufen, erfassen wir im Rahmen des Kauf- und\" \/>\n<meta property=\"og:url\" content=\"https:\/\/metalstory.eu\/de\/datenschutzrichtlinie\/\" \/>\n<meta property=\"og:site_name\" content=\"Metal Story\" \/>\n<meta property=\"article:modified_time\" content=\"2023-12-20T01:38:52+00:00\" \/>\n<meta name=\"twitter:card\" content=\"summary_large_image\" \/>\n<meta name=\"twitter:label1\" content=\"Gesch\u00e4tzte Lesezeit\" \/>\n\t<meta name=\"twitter:data1\" content=\"6\u00a0Minuten\" \/>\n<script type=\"application\/ld+json\" class=\"yoast-schema-graph\">{\"@context\":\"https:\\\/\\\/schema.org\",\"@graph\":[{\"@type\":\"WebPage\",\"@id\":\"https:\\\/\\\/metalstory.eu\\\/de\\\/datenschutzrichtlinie\\\/\",\"url\":\"https:\\\/\\\/metalstory.eu\\\/de\\\/datenschutzrichtlinie\\\/\",\"name\":\"Datenschutzrichtlinie - Metal Story\",\"isPartOf\":{\"@id\":\"https:\\\/\\\/metalstory.eu\\\/#website\"},\"datePublished\":\"2021-05-19T22:13:45+00:00\",\"dateModified\":\"2023-12-20T01:38:52+00:00\",\"breadcrumb\":{\"@id\":\"https:\\\/\\\/metalstory.eu\\\/de\\\/datenschutzrichtlinie\\\/#breadcrumb\"},\"inLanguage\":\"de\",\"potentialAction\":[{\"@type\":\"ReadAction\",\"target\":[\"https:\\\/\\\/metalstory.eu\\\/de\\\/datenschutzrichtlinie\\\/\"]}]},{\"@type\":\"BreadcrumbList\",\"@id\":\"https:\\\/\\\/metalstory.eu\\\/de\\\/datenschutzrichtlinie\\\/#breadcrumb\",\"itemListElement\":[{\"@type\":\"ListItem\",\"position\":1,\"name\":\"Home\",\"item\":\"https:\\\/\\\/metalstory.eu\\\/de\\\/\"},{\"@type\":\"ListItem\",\"position\":2,\"name\":\"Datenschutzrichtlinie\"}]},{\"@type\":\"WebSite\",\"@id\":\"https:\\\/\\\/metalstory.eu\\\/#website\",\"url\":\"https:\\\/\\\/metalstory.eu\\\/\",\"name\":\"Metal Story\",\"description\":\"Metal Table legs and Stainless legs for Tables\",\"potentialAction\":[{\"@type\":\"SearchAction\",\"target\":{\"@type\":\"EntryPoint\",\"urlTemplate\":\"https:\\\/\\\/metalstory.eu\\\/?s={search_term_string}\"},\"query-input\":{\"@type\":\"PropertyValueSpecification\",\"valueRequired\":true,\"valueName\":\"search_term_string\"}}],\"inLanguage\":\"de\"}]}<\/script>\n<!-- \/ Yoast SEO Premium plugin. -->","yoast_head_json":{"title":"Datenschutzrichtlinie - Metal Story","robots":{"index":"index","follow":"follow","max-snippet":"max-snippet:-1","max-image-preview":"max-image-preview:large","max-video-preview":"max-video-preview:-1"},"canonical":"https:\/\/metalstory.eu\/de\/datenschutzrichtlinie\/","og_locale":"de_DE","og_type":"article","og_title":"Datenschutzrichtlinie","og_description":"Datenschutzrichtlinie. Abschnitt 1 - WAS TUN WIR MIT IHREN DATEN? Wenn Sie etwas in unserem Shop kaufen, erfassen wir im Rahmen des Kauf- und","og_url":"https:\/\/metalstory.eu\/de\/datenschutzrichtlinie\/","og_site_name":"Metal Story","article_modified_time":"2023-12-20T01:38:52+00:00","twitter_card":"summary_large_image","twitter_misc":{"Gesch\u00e4tzte Lesezeit":"6\u00a0Minuten"},"schema":{"@context":"https:\/\/schema.org","@graph":[{"@type":"WebPage","@id":"https:\/\/metalstory.eu\/de\/datenschutzrichtlinie\/","url":"https:\/\/metalstory.eu\/de\/datenschutzrichtlinie\/","name":"Datenschutzrichtlinie - Metal Story","isPartOf":{"@id":"https:\/\/metalstory.eu\/#website"},"datePublished":"2021-05-19T22:13:45+00:00","dateModified":"2023-12-20T01:38:52+00:00","breadcrumb":{"@id":"https:\/\/metalstory.eu\/de\/datenschutzrichtlinie\/#breadcrumb"},"inLanguage":"de","potentialAction":[{"@type":"ReadAction","target":["https:\/\/metalstory.eu\/de\/datenschutzrichtlinie\/"]}]},{"@type":"BreadcrumbList","@id":"https:\/\/metalstory.eu\/de\/datenschutzrichtlinie\/#breadcrumb","itemListElement":[{"@type":"ListItem","position":1,"name":"Home","item":"https:\/\/metalstory.eu\/de\/"},{"@type":"ListItem","position":2,"name":"Datenschutzrichtlinie"}]},{"@type":"WebSite","@id":"https:\/\/metalstory.eu\/#website","url":"https:\/\/metalstory.eu\/","name":"Metal Story","description":"Metal Table legs and Stainless legs for Tables","potentialAction":[{"@type":"SearchAction","target":{"@type":"EntryPoint","urlTemplate":"https:\/\/metalstory.eu\/?s={search_term_string}"},"query-input":{"@type":"PropertyValueSpecification","valueRequired":true,"valueName":"search_term_string"}}],"inLanguage":"de"}]}},"_links":{"self":[{"href":"https:\/\/metalstory.eu\/de\/wp-json\/wp\/v2\/pages\/9161","targetHints":{"allow":["GET"]}}],"collection":[{"href":"https:\/\/metalstory.eu\/de\/wp-json\/wp\/v2\/pages"}],"about":[{"href":"https:\/\/metalstory.eu\/de\/wp-json\/wp\/v2\/types\/page"}],"author":[{"embeddable":true,"href":"https:\/\/metalstory.eu\/de\/wp-json\/wp\/v2\/users\/1"}],"replies":[{"embeddable":true,"href":"https:\/\/metalstory.eu\/de\/wp-json\/wp\/v2\/comments?post=9161"}],"version-history":[{"count":2,"href":"https:\/\/metalstory.eu\/de\/wp-json\/wp\/v2\/pages\/9161\/revisions"}],"predecessor-version":[{"id":9167,"href":"https:\/\/metalstory.eu\/de\/wp-json\/wp\/v2\/pages\/9161\/revisions\/9167"}],"wp:attachment":[{"href":"https:\/\/metalstory.eu\/de\/wp-json\/wp\/v2\/media?parent=9161"}],"curies":[{"name":"wp","href":"https:\/\/api.w.org\/{rel}","templated":true}]}}