{"id":9177,"date":"2021-05-05T23:47:21","date_gmt":"2021-05-05T23:47:21","guid":{"rendered":"https:\/\/metalstory.eu\/dostawa\/"},"modified":"2023-12-27T23:18:07","modified_gmt":"2023-12-27T23:18:07","slug":"versand","status":"publish","type":"page","link":"https:\/\/metalstory.eu\/de\/versand\/","title":{"rendered":"Versand"},"content":{"rendered":"\n<h4 class=\"wp-block-heading\"><strong>Lieferung von bei metalstory.eu gekauften Artikeln<\/strong>.<\/h4>\n\n\n\n<h4 class=\"wp-block-heading\"><strong>Warenversandmethoden:<\/strong><\/h4>\n\n\n\n<p>Alle bei metalstory.eu gekauften Artikel k\u00f6nnen auf verschiedenen Wegen an die Lieferadresse geschickt werden:<\/p>\n\n\n\n<ul class=\"wp-block-list\">\n<li><strong>AIR SHIPPING<\/strong>\n<ul class=\"wp-block-list\">\n<li>In der Regel w\u00e4hlen wir den Luftfrachtversand von weltweit anerkannten Spediteuren mit Sendungsverfolgung, wie Fedex, TNT oder UPS, mit der Option eines Door2door-Service. Diese Art des Versands ist die schnellste Liefermethode &#8211; und die teuerste. Sie ist die beste Option f\u00fcr den Versand von Waren zwischen Europa und dem Ausland, z. B. den USA, Kanada, Australien oder Asien. Es dauert 7-15 Tage, bis die Ware an Ihrer Haust\u00fcr ankommt.Die Versandkosten variieren und h\u00e4ngen von Standort und Paketgr\u00f6\u00dfe\/-gewicht ab.<\/li>\n<\/ul>\n<\/li>\n\n\n\n<li><strong>STRASSENVERKEHR<\/strong>\n<ul class=\"wp-block-list\">\n<li>Bodendienste stehen f\u00fcr alle Sendungen zur Verf\u00fcgung, bei denen die Waren auf der Stra\u00dfe zugestellt werden k\u00f6nnen, z. B. in europ\u00e4ischen L\u00e4ndern. Die Sendungen k\u00f6nnen \u00fcber Fedex\/TNT, DHL oder UPS versandt werden.<\/li>\n<\/ul>\n<\/li>\n<\/ul>\n\n\n\n<h4 class=\"wp-block-heading\"><strong>Angebot f\u00fcr den Versandhandel<\/strong><\/h4>\n\n\n\n<p>Alle Versandkosten werden f\u00fcr jede Bestellung berechnet. Die Versandkosten k\u00f6nnen basierend auf Ihrem Standort und der Gr\u00f6\u00dfe\/Gewicht des Pakets berechnet werden.<\/p>\n\n\n\n<p>Der Kostenvoranschlag f\u00fcr die Lieferung wird automatisch auf der Grundlage der ausgew\u00e4hlten Artikel, ihres Gewichts und ihrer Abmessungen sowie des Landes, der Postleitzahl und der Stadt der Lieferung berechnet.<\/p>\n\n\n\n<h4 class=\"wp-block-heading\"><strong>Spediteure\/Frachttarife<\/strong><\/h4>\n\n\n\n<p>Wir verwenden verschiedene Spediteure f\u00fcr verschiedene Ziele und Paketgr\u00f6\u00dfen. Wir versenden in der Regel mit TNT \/ Fedex \/ UPS \/ DHL Versandunternehmen. F\u00fcr den Seetransport verwenden wir spezialisierte Versandunternehmen. Alle Versandtarife werden auf der Grundlage des Gewichts, der Abmessungen und des Standorts des K\u00e4ufers berechnet. Ihre individuellen Versandkosten werden f\u00fcr jedes Paket separat berechnet.<\/p>\n\n\n\n<h4 class=\"wp-block-heading\"><strong>Versand- und Bearbeitungsfristen<\/strong><\/h4>\n\n\n\n<p>Wir bem\u00fchen uns, alle Bestellungen innerhalb von 2-3 Arbeitstagen f\u00fcr versandfertige Artikel zu bearbeiten, aber einige Bestellungen k\u00f6nnen l\u00e4nger dauern. Bitte rechnen Sie mit einer Bearbeitungszeit von 48 Stunden f\u00fcr jede Bestellung, es sei denn, es werden besondere Vereinbarungen getroffen. Wir werden uns bem\u00fchen, diese Bestellungen so schnell wie m\u00f6glich zu bearbeiten.<\/p>\n\n\n\n<p>Die Lieferzeiten variieren je nach Standort und Transportart wie See-, Land- oder Luftfracht. Wenn Sie eine Lieferung innerhalb eines bestimmten Zeitrahmens ben\u00f6tigen, kontaktieren Sie uns bitte und wir werden uns darum k\u00fcmmern.<\/p>\n\n\n\n<h4 class=\"wp-block-heading\"><strong>\u00dcberwachung<\/strong><\/h4>\n\n\n\n<p>Wir senden Ihnen eine E-Mail mit Informationen zur Sendungsverfolgung, damit Sie den Weg der Sendung verfolgen k\u00f6nnen. Die Informationen zur Sendungsverfolgung werden Ihnen zur Verf\u00fcgung gestellt, sobald Ihr Artikel versandt wurde.<\/p>\n\n\n\n<h4 class=\"wp-block-heading\"><strong>Was passiert, wenn ich eine falsche Adresse eingebe?<\/strong><\/h4>\n\n\n\n<p>Wenn Sie eine falsche Postanschrift angeben, werden wir unser Bestes tun, um Ihnen bei der Nachverfolgung Ihres Pakets zu helfen, aber wir k\u00f6nnen keine Verantwortung \u00fcbernehmen, wenn das Paket verloren geht oder wenn Kosten aufgrund von Umleitung oder Inventarisierung anfallen. Wenn das Paket an uns zur\u00fcckgeschickt wird, schicken wir es gerne an Sie zur\u00fcck, aber wir werden Sie bitten, diese Kosten zu \u00fcbernehmen.<\/p>\n\n\n\n<h4 class=\"wp-block-heading\"><strong>Zust\u00e4ndigkeit f\u00fcr Transport, Lieferung und Versand<\/strong><\/h4>\n\n\n\n<p>Ihre Bestellung wird sorgf\u00e4ltig in dicker Pappe, Kartons und Luftpolsterfolie verpackt.<\/p>\n\n\n\n<p>Sobald die Sendung vom Spediteur abgeholt wird, beginnt ihre Reise zu Ihnen nach Hause! Bei internationalen Luftfrachtsendungen dauert dies in der Regel 2-15 Arbeitstage. Sobald die Fracht in Ihrer Region angekommen ist, wird sie von der \u00f6rtlichen Niederlassung des Spediteurs verwaltet und zugestellt.<\/p>\n\n\n\n<p>Wenn Ihre Fracht auf dem Transportweg verloren geht oder besch\u00e4digt wird, werden wir in Ihrem Namen eine Schadensmeldung beim Spediteur einreichen und Ihnen den Betrag so schnell wie m\u00f6glich erstatten. Die Bearbeitung von Frachtanspr\u00fcchen kann 6-8 Wochen dauern.<\/p>\n\n\n\n<p>Wenn die Ladung ankommt, liefern die meisten Fahrer die Waren ebenerdig ab. Sie m\u00fcssen sich vergewissern, dass die Ladung w\u00e4hrend des Transports nicht besch\u00e4digt wurde, da dies die einzige Gelegenheit ist, sie zu \u00fcberpr\u00fcfen. Sollte etwas auf dem Transportweg besch\u00e4digt worden sein, wird das Transportunternehmen die Reklamation nicht anerkennen, es sei denn, Sie vermerken auf dem Lieferschein, dass die Bestellung besch\u00e4digt war. Wir bitten Sie au\u00dferdem, Fotos von den Sch\u00e4den zu machen. Bitte beachten Sie, dass alle Reklamationen in jedem Fall auf dem Lieferschein vermerkt werden m\u00fcssen.<\/p>\n\n\n\n<h4 class=\"wp-block-heading\"><strong>Z\u00f6lle und Einfuhrsteuern<\/strong><\/h4>\n\n\n\n<p>Der K\u00e4ufer ist f\u00fcr alle anfallenden Zoll- und Einfuhrsteuern verantwortlich.Wir sind nicht verantwortlich f\u00fcr Verz\u00f6gerungen aufgrund von Zollbestimmungen. Wir werden uns bem\u00fchen, Ihnen alle f\u00fcr die Zollabwicklung erforderlichen Dokumente zur Verf\u00fcgung zu stellen. Insbesondere m\u00fcssen Sie die ausgef\u00fcllten Dokumente so schnell wie m\u00f6glich beim Zoll einreichen, um Lagerkosten f\u00fcr die in Ihrem Land angekommene Fracht zu vermeiden.<\/p>\n","protected":false},"excerpt":{"rendered":"<p>Lieferung von bei metalstory.eu gekauften Artikeln. Warenversandmethoden: Alle bei metalstory.eu gekauften Artikel k\u00f6nnen auf verschiedenen Wegen an die Lieferadresse geschickt werden: Angebot f\u00fcr den Versandhandel Alle<span class=\"excerpt-hellip\"> [\u2026]<\/span><\/p>\n","protected":false},"author":1,"featured_media":0,"parent":0,"menu_order":0,"comment_status":"closed","ping_status":"closed","template":"","meta":{"footnotes":""},"class_list":["post-9177","page","type-page","status-publish","hentry"],"yoast_head":"<!-- This site is optimized with the Yoast SEO Premium plugin v26.4 (Yoast SEO v27.5) - https:\/\/yoast.com\/product\/yoast-seo-premium-wordpress\/ -->\n<title>Versand - Metal Story<\/title>\n<meta name=\"robots\" content=\"index, follow, max-snippet:-1, max-image-preview:large, max-video-preview:-1\" \/>\n<link rel=\"canonical\" href=\"https:\/\/metalstory.eu\/de\/versand\/\" \/>\n<meta property=\"og:locale\" content=\"de_DE\" \/>\n<meta property=\"og:type\" content=\"article\" \/>\n<meta property=\"og:title\" content=\"Versand\" \/>\n<meta property=\"og:description\" content=\"Lieferung von bei metalstory.eu gekauften Artikeln. Warenversandmethoden: Alle bei metalstory.eu gekauften Artikel k\u00f6nnen auf verschiedenen Wegen an die\" \/>\n<meta property=\"og:url\" content=\"https:\/\/metalstory.eu\/de\/versand\/\" \/>\n<meta property=\"og:site_name\" content=\"Metal Story\" \/>\n<meta property=\"article:modified_time\" content=\"2023-12-27T23:18:07+00:00\" \/>\n<meta name=\"twitter:card\" content=\"summary_large_image\" \/>\n<meta name=\"twitter:label1\" content=\"Gesch\u00e4tzte Lesezeit\" \/>\n\t<meta name=\"twitter:data1\" content=\"3\u00a0Minuten\" \/>\n<script type=\"application\/ld+json\" class=\"yoast-schema-graph\">{\"@context\":\"https:\\\/\\\/schema.org\",\"@graph\":[{\"@type\":\"WebPage\",\"@id\":\"https:\\\/\\\/metalstory.eu\\\/de\\\/versand\\\/\",\"url\":\"https:\\\/\\\/metalstory.eu\\\/de\\\/versand\\\/\",\"name\":\"Versand - Metal Story\",\"isPartOf\":{\"@id\":\"https:\\\/\\\/metalstory.eu\\\/#website\"},\"datePublished\":\"2021-05-05T23:47:21+00:00\",\"dateModified\":\"2023-12-27T23:18:07+00:00\",\"breadcrumb\":{\"@id\":\"https:\\\/\\\/metalstory.eu\\\/de\\\/versand\\\/#breadcrumb\"},\"inLanguage\":\"de\",\"potentialAction\":[{\"@type\":\"ReadAction\",\"target\":[\"https:\\\/\\\/metalstory.eu\\\/de\\\/versand\\\/\"]}]},{\"@type\":\"BreadcrumbList\",\"@id\":\"https:\\\/\\\/metalstory.eu\\\/de\\\/versand\\\/#breadcrumb\",\"itemListElement\":[{\"@type\":\"ListItem\",\"position\":1,\"name\":\"Home\",\"item\":\"https:\\\/\\\/metalstory.eu\\\/de\\\/\"},{\"@type\":\"ListItem\",\"position\":2,\"name\":\"Versand\"}]},{\"@type\":\"WebSite\",\"@id\":\"https:\\\/\\\/metalstory.eu\\\/#website\",\"url\":\"https:\\\/\\\/metalstory.eu\\\/\",\"name\":\"Metal Story\",\"description\":\"Metal Table legs and Stainless legs for Tables\",\"potentialAction\":[{\"@type\":\"SearchAction\",\"target\":{\"@type\":\"EntryPoint\",\"urlTemplate\":\"https:\\\/\\\/metalstory.eu\\\/?s={search_term_string}\"},\"query-input\":{\"@type\":\"PropertyValueSpecification\",\"valueRequired\":true,\"valueName\":\"search_term_string\"}}],\"inLanguage\":\"de\"}]}<\/script>\n<!-- \/ Yoast SEO Premium plugin. -->","yoast_head_json":{"title":"Versand - Metal Story","robots":{"index":"index","follow":"follow","max-snippet":"max-snippet:-1","max-image-preview":"max-image-preview:large","max-video-preview":"max-video-preview:-1"},"canonical":"https:\/\/metalstory.eu\/de\/versand\/","og_locale":"de_DE","og_type":"article","og_title":"Versand","og_description":"Lieferung von bei metalstory.eu gekauften Artikeln. Warenversandmethoden: Alle bei metalstory.eu gekauften Artikel k\u00f6nnen auf verschiedenen Wegen an die","og_url":"https:\/\/metalstory.eu\/de\/versand\/","og_site_name":"Metal Story","article_modified_time":"2023-12-27T23:18:07+00:00","twitter_card":"summary_large_image","twitter_misc":{"Gesch\u00e4tzte Lesezeit":"3\u00a0Minuten"},"schema":{"@context":"https:\/\/schema.org","@graph":[{"@type":"WebPage","@id":"https:\/\/metalstory.eu\/de\/versand\/","url":"https:\/\/metalstory.eu\/de\/versand\/","name":"Versand - Metal Story","isPartOf":{"@id":"https:\/\/metalstory.eu\/#website"},"datePublished":"2021-05-05T23:47:21+00:00","dateModified":"2023-12-27T23:18:07+00:00","breadcrumb":{"@id":"https:\/\/metalstory.eu\/de\/versand\/#breadcrumb"},"inLanguage":"de","potentialAction":[{"@type":"ReadAction","target":["https:\/\/metalstory.eu\/de\/versand\/"]}]},{"@type":"BreadcrumbList","@id":"https:\/\/metalstory.eu\/de\/versand\/#breadcrumb","itemListElement":[{"@type":"ListItem","position":1,"name":"Home","item":"https:\/\/metalstory.eu\/de\/"},{"@type":"ListItem","position":2,"name":"Versand"}]},{"@type":"WebSite","@id":"https:\/\/metalstory.eu\/#website","url":"https:\/\/metalstory.eu\/","name":"Metal Story","description":"Metal Table legs and Stainless legs for Tables","potentialAction":[{"@type":"SearchAction","target":{"@type":"EntryPoint","urlTemplate":"https:\/\/metalstory.eu\/?s={search_term_string}"},"query-input":{"@type":"PropertyValueSpecification","valueRequired":true,"valueName":"search_term_string"}}],"inLanguage":"de"}]}},"_links":{"self":[{"href":"https:\/\/metalstory.eu\/de\/wp-json\/wp\/v2\/pages\/9177","targetHints":{"allow":["GET"]}}],"collection":[{"href":"https:\/\/metalstory.eu\/de\/wp-json\/wp\/v2\/pages"}],"about":[{"href":"https:\/\/metalstory.eu\/de\/wp-json\/wp\/v2\/types\/page"}],"author":[{"embeddable":true,"href":"https:\/\/metalstory.eu\/de\/wp-json\/wp\/v2\/users\/1"}],"replies":[{"embeddable":true,"href":"https:\/\/metalstory.eu\/de\/wp-json\/wp\/v2\/comments?post=9177"}],"version-history":[{"count":2,"href":"https:\/\/metalstory.eu\/de\/wp-json\/wp\/v2\/pages\/9177\/revisions"}],"predecessor-version":[{"id":9356,"href":"https:\/\/metalstory.eu\/de\/wp-json\/wp\/v2\/pages\/9177\/revisions\/9356"}],"wp:attachment":[{"href":"https:\/\/metalstory.eu\/de\/wp-json\/wp\/v2\/media?parent=9177"}],"curies":[{"name":"wp","href":"https:\/\/api.w.org\/{rel}","templated":true}]}}