{"id":7628,"date":"2021-05-30T11:29:45","date_gmt":"2021-05-30T11:29:45","guid":{"rendered":"https:\/\/metalstory.eu\/shop\/unkategorisiert\/cztery-pojedyncze-nogi-do-stolu-do-jadali-lub-stolu-kuchennego-zestaw-4-szt\/"},"modified":"2024-01-08T20:29:14","modified_gmt":"2024-01-08T20:29:14","slug":"cztery-pojedyncze-nogi-do-stolu-do-jadali-lub-stolu-kuchennego-zestaw-4-szt","status":"publish","type":"product","link":"https:\/\/metalstory.eu\/de\/shop\/esstischbeine\/cztery-pojedyncze-nogi-do-stolu-do-jadali-lub-stolu-kuchennego-zestaw-4-szt\/","title":{"rendered":"Vier einzelne Beine f\u00fcr Esstisch oder K\u00fcchentisch, 4er-Set."},"content":{"rendered":"<div>\n<div>\n<div>Vier einzelne gerade Beine f\u00fcr einen Ess- oder K\u00fcchentisch. Ideal f\u00fcr einen Couchtisch, eine Bank oder einen Tisch. Erh\u00e4ltlich in vielen verschiedenen Farben &#8211; einzigartig (wie antikes Gold, Kupfer, Gold) und Grundfarben.<br \/>\nDas Set aus 4 Beinen ist aus hochwertigem Stahl gefertigt.<br \/>\nDas Produkt kann auch aus Edelstahl hergestellt werden.<\/div>\n<\/div>\n<div><\/div>\n<div><\/div>\n<div><strong>Abmessungen<\/strong><\/div>\n<div>\n<p><strong>Tischbeine:<\/strong><\/p>\n<ul>\n<li>H\u00f6he: 72 cm &#8211; 28.34&#8243;<\/li>\n<\/ul>\n<p>Hergestellt aus Profil\u00a0 80 x 40 mm<\/p>\n<p>Es ist auch m\u00f6glich, die Tischbeine in einer anderen Gr\u00f6\u00dfe oder aus einem anderen Material zu bestellen &#8211; kontaktieren Sie uns einfach f\u00fcr weitere Informationen.<\/p>\n<p>&nbsp;<\/p>\n<p><strong>Ma\u00dfgeschneiderte Beine<\/strong><\/p>\n<p>Wenn Sie die Farbe oder Gr\u00f6\u00dfe \u00e4ndern m\u00fcssen, kontaktieren Sie uns bitte.<br \/>\nWir werden Ihre Ideen in die Realit\u00e4t umsetzen!<br \/>\nF\u00fcr eine einfache Handhabung k\u00f6nnen Sie uns einige zus\u00e4tzliche Informationen wie die Gr\u00f6\u00dfe der Platte, Gewicht und Material geben. Sie k\u00f6nnen auch Ihre Idee auf Papier skizzieren.<\/p>\n<\/div>\n<\/div>\n<div>\n<p>&nbsp;<\/p>\n<div>\n<p><strong>Eigenschaften<\/strong><\/p>\n<\/div>\n<div>\n<ul>\n<li>Beine aus hochwertigem Stahl<\/li>\n<li>Fein geschliffen f\u00fcr eine glatte Oberfl\u00e4che.<\/li>\n<li>Kratzfest, langlebig, exzellente Pulverbeschichtung, erh\u00e4ltlich in vielen Farben wie Kupfer\/Gold-Effekt, Antik, Glanz f\u00fcr jede Farbe.<\/li>\n<li>Au\u00dfergew\u00f6hnliche Qualit\u00e4t &#8211; wir achten auf die Details.<\/li>\n<li>Leicht sauber zu halten.<\/li>\n<li>Ihre Bestellung wird sehr sorgf\u00e4ltig in einer sicheren Box f\u00fcr die Reise verpackt.<\/li>\n<li>Alle Beine sind standardm\u00e4\u00dfig mit Befestigungsl\u00f6chern versehen.<\/li>\n<\/ul>\n<p>&nbsp;<\/p>\n<p><strong>Lieferung<\/strong><\/p>\n<p>Die Vorbereitungszeit f\u00fcr die Beine betr\u00e4gt etwa 6-8 Arbeitstage. Die Lieferzeit betr\u00e4gt 3-15 Arbeitstage, je nach Lieferland.<\/p>\n<p>Wir versenden die Basics in die ganze Welt.<\/p>\n<p>Standardversandzeit :<\/p>\n<ul>\n<li>Europ\u00e4ische Union: 3-5 Tage<\/li>\n<li>USA, Kanada: 5-15 Tage<\/li>\n<\/ul>\n<\/div>\n<\/div>\n<div>\n<script type=\"module\" src=\"https:\/\/ajax.googleapis.com\/ajax\/libs\/model-viewer\/3.3.0\/model-viewer.min.js\"><\/script><\/p>\n<p><model-viewer \nstyle=\"width: 100%; height: 500px; top: 0px;  position: sticky; background-color: #fcfcfc;\"\nsrc=\"https:\/\/metalstory.eu\/wp-content\/uploads\/2024\/01\/13-four-single-angle-legs.glb\" ar ar-modes=\"webxr scene-viewer quick-look\" camera-controls poster=\"poster.webp\" shadow-intensity=\"2\" exposure=\"0.79\" environment-image=\"legacy\" shadow-softness=\"1\" tone-mapping=\"commerce\" max-field-of-view='25deg' auto-rotate>\n<\/p>\n<div class=\"progress-bar show\" slot=\"progress-bar\">\n<div class=\"update-bar\"><\/div>\n<\/p>\n<\/div>\n<p><\/model-viewer><\/p>\n<p>&nbsp;<br \/>\n\n\t\t\t<style type='text\/css'>\n\t\t\t\t#sc_gallery-1 {\n\t\t\t\t\tmargin: auto;\n\t\t\t\t}\n\t\t\t\t#sc_gallery-1 .gallery-item {\n\t\t\t\t\tfloat: left;\n\t\t\t\t\ttext-align: center;\n\t\t\t\t\twidth: 19.99%;\n\t\t\t\t}\n\t\t\t\t#sc_gallery-1 img {\n\t\t\t\t\tborder: 2px solid #cfcfcf;\n\t\t\t\t}\n\t\t\t\t\/* see sc_gallery() in functions\/theme-shortcodes.php *\/\n\t\t\t<\/style>\n\t\t<div id='sc_gallery-1' class='gallery galleryid-7628 gallery-columns-5 gallery-size-thumbnail file element_classes gallery-default'><dl class='gallery-item'  data-title='13 four single angle legs' data-description=''><div class='gallery-item-wrapper'>\n\t\t\t\t<dt class='gallery-icon landscape'>\n\t\t\t\t\t<a href='https:\/\/metalstory.eu\/wp-content\/uploads\/2021\/05\/13-four-single-angle-legs.jpg'><img loading=\"lazy\" decoding=\"async\" width=\"150\" height=\"85\" src=\"https:\/\/metalstory.eu\/wp-content\/uploads\/2021\/05\/13-four-single-angle-legs.jpg\" class=\"attachment-thumbnail size-thumbnail\" alt=\"\" srcset=\"https:\/\/metalstory.eu\/wp-content\/uploads\/2021\/05\/13-four-single-angle-legs.jpg 1024w, https:\/\/metalstory.eu\/wp-content\/uploads\/2021\/05\/13-four-single-angle-legs-800x451.jpg 800w\" sizes=\"auto, (max-width:767px) 150px, 150px\" \/><\/a>\n\t\t\t\t<\/dt><\/div><\/dl><dl class='gallery-item'  data-title='13 four single angle legs 5' data-description=''><div class='gallery-item-wrapper'>\n\t\t\t\t<dt class='gallery-icon landscape'>\n\t\t\t\t\t<a href='https:\/\/metalstory.eu\/wp-content\/uploads\/2021\/05\/13-four-single-angle-legs-5.jpg'><img loading=\"lazy\" decoding=\"async\" width=\"150\" height=\"85\" src=\"https:\/\/metalstory.eu\/wp-content\/uploads\/2021\/05\/13-four-single-angle-legs-5.jpg\" class=\"attachment-thumbnail size-thumbnail\" alt=\"\" srcset=\"https:\/\/metalstory.eu\/wp-content\/uploads\/2021\/05\/13-four-single-angle-legs-5.jpg 1024w, https:\/\/metalstory.eu\/wp-content\/uploads\/2021\/05\/13-four-single-angle-legs-5-800x451.jpg 800w\" sizes=\"auto, (max-width:767px) 150px, 150px\" \/><\/a>\n\t\t\t\t<\/dt><\/div><\/dl><dl class='gallery-item'  data-title='13 four single angle legs 2' data-description=''><div class='gallery-item-wrapper'>\n\t\t\t\t<dt class='gallery-icon landscape'>\n\t\t\t\t\t<a href='https:\/\/metalstory.eu\/wp-content\/uploads\/2021\/05\/13-four-single-angle-legs-2.jpg'><img loading=\"lazy\" decoding=\"async\" width=\"150\" height=\"85\" src=\"https:\/\/metalstory.eu\/wp-content\/uploads\/2021\/05\/13-four-single-angle-legs-2.jpg\" class=\"attachment-thumbnail size-thumbnail\" alt=\"\" srcset=\"https:\/\/metalstory.eu\/wp-content\/uploads\/2021\/05\/13-four-single-angle-legs-2.jpg 1024w, https:\/\/metalstory.eu\/wp-content\/uploads\/2021\/05\/13-four-single-angle-legs-2-800x451.jpg 800w\" sizes=\"auto, (max-width:767px) 150px, 150px\" \/><\/a>\n\t\t\t\t<\/dt><\/div><\/dl><dl class='gallery-item'  data-title='13 four single angle legs 4' data-description=''><div class='gallery-item-wrapper'>\n\t\t\t\t<dt class='gallery-icon landscape'>\n\t\t\t\t\t<a href='https:\/\/metalstory.eu\/wp-content\/uploads\/2021\/05\/13-four-single-angle-legs-4.jpg'><img loading=\"lazy\" decoding=\"async\" width=\"150\" height=\"85\" src=\"https:\/\/metalstory.eu\/wp-content\/uploads\/2021\/05\/13-four-single-angle-legs-4.jpg\" class=\"attachment-thumbnail size-thumbnail\" alt=\"\" srcset=\"https:\/\/metalstory.eu\/wp-content\/uploads\/2021\/05\/13-four-single-angle-legs-4.jpg 1024w, https:\/\/metalstory.eu\/wp-content\/uploads\/2021\/05\/13-four-single-angle-legs-4-800x451.jpg 800w\" sizes=\"auto, (max-width:767px) 150px, 150px\" \/><\/a>\n\t\t\t\t<\/dt><\/div><\/dl><dl class='gallery-item'  data-title='13 four single angle legs 3' data-description=''><div class='gallery-item-wrapper'>\n\t\t\t\t<dt class='gallery-icon landscape'>\n\t\t\t\t\t<a href='https:\/\/metalstory.eu\/wp-content\/uploads\/2021\/05\/13-four-single-angle-legs-3.jpg'><img loading=\"lazy\" decoding=\"async\" width=\"150\" height=\"85\" src=\"https:\/\/metalstory.eu\/wp-content\/uploads\/2021\/05\/13-four-single-angle-legs-3.jpg\" class=\"attachment-thumbnail size-thumbnail\" alt=\"\" srcset=\"https:\/\/metalstory.eu\/wp-content\/uploads\/2021\/05\/13-four-single-angle-legs-3.jpg 1024w, https:\/\/metalstory.eu\/wp-content\/uploads\/2021\/05\/13-four-single-angle-legs-3-800x451.jpg 800w\" sizes=\"auto, (max-width:767px) 150px, 150px\" \/><\/a>\n\t\t\t\t<\/dt><\/div><\/dl><br style=\"clear: both\" \/>\n\t\t\t<\/div>\n<\/p>\n<\/div>\n<h6><hr class=\"\" style=\"margin:0 auto 30px;\"\/>\n<\/h6>\n<h5><strong><span style=\"color: #ff9900\"><i class=\"icon-truck-line\" style=\"\" aria-hidden=\"true\"><\/i><\/span>\u00a0<\/strong>Weltweiter Versand<\/h5>\n<h5><strong><span style=\"color: #ff9900\"><i class=\"icon-credit-card\" style=\"\" aria-hidden=\"true\"><\/i><\/span>\u00a0<\/strong>MasterCard, VISA, PayPal, Google Pay, Apple Pay, Bank\u00fcberweisung<\/h5>\n<h5><strong><span style=\"color: #ff9900\"><i class=\"icon-lock\" style=\"\" aria-hidden=\"true\"><\/i><\/span>\u00a0<\/strong>Sichere Bezahlung<\/h5>\n<h5><strong><span style=\"color: #ff9900\"><i class=\"icon-clock\" style=\"\" aria-hidden=\"true\"><\/i>\u00a0<\/span><\/strong>Schnelle Lieferung &#8211; direkt aus unserer Werkstatt!<\/h5>\n<h6><p class=\"wpcf7-contact-form-not-found\"><strong>Fehler:<\/strong> Kontaktformular wurde nicht gefunden.<\/p><\/h6>\n","protected":false},"excerpt":{"rendered":"<p>Satz mit 4 Beinen\u00a0 f\u00fcr Esstisch. Vielseitig einsetzbar. <strong>Metallbeine<\/strong> geben Ihrem Tisch ein <strong>einzigartiges<\/strong> und modernes Aussehen.<br \/>\nAuch in der Gr\u00f6\u00dfe f\u00fcr einen <strong>Couchtisch oder eine Bank<\/strong> zu bestellen.<br \/>\n<script type=\"module\" src=\"https:\/\/ajax.googleapis.com\/ajax\/libs\/model-viewer\/3.3.0\/model-viewer.min.js\"><\/script><\/p>\n<p><model-viewer \nstyle=\"width: 100%; height: 300px; top: 0px;  position: sticky; background-color: #fcfcfc;\"\nsrc=\"https:\/\/metalstory.eu\/wp-content\/uploads\/2024\/01\/13-four-single-angle-legs.glb\" ar ar-modes=\"webxr scene-viewer quick-look\" camera-controls poster=\"poster.webp\" shadow-intensity=\"2\" exposure=\"0.79\" environment-image=\"legacy\" shadow-softness=\"1\" tone-mapping=\"commerce\" max-field-of-view='25deg' auto-rotate>\n<\/p>\n<div class=\"progress-bar show\" slot=\"progress-bar\">\n<div class=\"update-bar\"><\/div>\n<\/p>\n<\/div>\n<p><\/model-viewer><\/p>\n<p>&nbsp;<\/p>\n","protected":false},"featured_media":7632,"comment_status":"closed","ping_status":"closed","template":"","meta":[],"product_brand":[],"product_cat":[370],"product_tag":[],"class_list":{"0":"post-7628","1":"product","2":"type-product","3":"status-publish","4":"has-post-thumbnail","6":"product_cat-esstischbeine","8":"first","9":"instock","10":"taxable","11":"shipping-taxable","12":"purchasable","13":"product-type-variable","14":"has-default-attributes"},"bundled_by":[],"bundle_stock_status":"instock","bundle_stock_quantity":null,"bundle_virtual":false,"bundle_layout":"","bundle_add_to_cart_form_location":"","bundle_editable_in_cart":false,"bundle_sold_individually_context":"","bundle_item_grouping":"","bundle_min_size":"","bundle_max_size":"","bundle_price":[],"bundled_items":[],"bundle_sell_ids":[],"yoast_head":"<!-- This site is optimized with the Yoast SEO Premium plugin v26.4 (Yoast SEO v27.1.1) - https:\/\/yoast.com\/product\/yoast-seo-premium-wordpress\/ -->\n<title>Vier einzelne Beine f\u00fcr Esstisch oder K\u00fcchentisch, 4er-Set. - Metal Story<\/title>\n<meta name=\"robots\" content=\"index, follow, max-snippet:-1, max-image-preview:large, max-video-preview:-1\" \/>\n<link rel=\"canonical\" href=\"https:\/\/metalstory.eu\/de\/shop\/esstischbeine\/cztery-pojedyncze-nogi-do-stolu-do-jadali-lub-stolu-kuchennego-zestaw-4-szt\/\" \/>\n<meta property=\"og:locale\" content=\"de_DE\" \/>\n<meta property=\"og:type\" content=\"article\" \/>\n<meta property=\"og:title\" content=\"Vier einzelne Beine f\u00fcr Esstisch oder K\u00fcchentisch, 4er-Set.\" \/>\n<meta property=\"og:description\" content=\"Satz mit 4 Beinen\u00a0 f\u00fcr Esstisch. Vielseitig einsetzbar. Metallbeine geben Ihrem Tisch ein einzigartiges und modernes Aussehen. Auch in der Gr\u00f6\u00dfe f\u00fcr einen Couchtisch oder eine Bank zu bestellen.         &nbsp;\" \/>\n<meta property=\"og:url\" content=\"https:\/\/metalstory.eu\/de\/shop\/esstischbeine\/cztery-pojedyncze-nogi-do-stolu-do-jadali-lub-stolu-kuchennego-zestaw-4-szt\/\" \/>\n<meta property=\"og:site_name\" content=\"Metal Story\" \/>\n<meta property=\"article:modified_time\" content=\"2024-01-08T20:29:14+00:00\" \/>\n<meta property=\"og:image\" content=\"https:\/\/metalstory.eu\/wp-content\/uploads\/2021\/05\/13-four-single-angle-legs-3.jpg\" \/>\n\t<meta property=\"og:image:width\" content=\"1024\" \/>\n\t<meta property=\"og:image:height\" content=\"577\" \/>\n\t<meta property=\"og:image:type\" content=\"image\/jpeg\" \/>\n<meta name=\"twitter:card\" content=\"summary_large_image\" \/>\n<meta name=\"twitter:label1\" content=\"Gesch\u00e4tzte Lesezeit\" \/>\n\t<meta name=\"twitter:data1\" content=\"2\u00a0Minuten\" \/>\n<script type=\"application\/ld+json\" class=\"yoast-schema-graph\">{\"@context\":\"https:\/\/schema.org\",\"@graph\":[{\"@type\":\"WebPage\",\"@id\":\"https:\/\/metalstory.eu\/de\/shop\/esstischbeine\/cztery-pojedyncze-nogi-do-stolu-do-jadali-lub-stolu-kuchennego-zestaw-4-szt\/\",\"url\":\"https:\/\/metalstory.eu\/de\/shop\/esstischbeine\/cztery-pojedyncze-nogi-do-stolu-do-jadali-lub-stolu-kuchennego-zestaw-4-szt\/\",\"name\":\"Vier einzelne Beine f\u00fcr Esstisch oder K\u00fcchentisch, 4er-Set. - Metal Story\",\"isPartOf\":{\"@id\":\"https:\/\/metalstory.eu\/#website\"},\"primaryImageOfPage\":{\"@id\":\"https:\/\/metalstory.eu\/de\/shop\/esstischbeine\/cztery-pojedyncze-nogi-do-stolu-do-jadali-lub-stolu-kuchennego-zestaw-4-szt\/#primaryimage\"},\"image\":{\"@id\":\"https:\/\/metalstory.eu\/de\/shop\/esstischbeine\/cztery-pojedyncze-nogi-do-stolu-do-jadali-lub-stolu-kuchennego-zestaw-4-szt\/#primaryimage\"},\"thumbnailUrl\":\"https:\/\/metalstory.eu\/wp-content\/uploads\/2021\/05\/13-four-single-angle-legs-3.jpg\",\"datePublished\":\"2021-05-30T11:29:45+00:00\",\"dateModified\":\"2024-01-08T20:29:14+00:00\",\"breadcrumb\":{\"@id\":\"https:\/\/metalstory.eu\/de\/shop\/esstischbeine\/cztery-pojedyncze-nogi-do-stolu-do-jadali-lub-stolu-kuchennego-zestaw-4-szt\/#breadcrumb\"},\"inLanguage\":\"de\",\"potentialAction\":[{\"@type\":\"ReadAction\",\"target\":[\"https:\/\/metalstory.eu\/de\/shop\/esstischbeine\/cztery-pojedyncze-nogi-do-stolu-do-jadali-lub-stolu-kuchennego-zestaw-4-szt\/\"]}]},{\"@type\":\"ImageObject\",\"inLanguage\":\"de\",\"@id\":\"https:\/\/metalstory.eu\/de\/shop\/esstischbeine\/cztery-pojedyncze-nogi-do-stolu-do-jadali-lub-stolu-kuchennego-zestaw-4-szt\/#primaryimage\",\"url\":\"https:\/\/metalstory.eu\/wp-content\/uploads\/2021\/05\/13-four-single-angle-legs-3.jpg\",\"contentUrl\":\"https:\/\/metalstory.eu\/wp-content\/uploads\/2021\/05\/13-four-single-angle-legs-3.jpg\",\"width\":1024,\"height\":577},{\"@type\":\"BreadcrumbList\",\"@id\":\"https:\/\/metalstory.eu\/de\/shop\/esstischbeine\/cztery-pojedyncze-nogi-do-stolu-do-jadali-lub-stolu-kuchennego-zestaw-4-szt\/#breadcrumb\",\"itemListElement\":[{\"@type\":\"ListItem\",\"position\":1,\"name\":\"Home\",\"item\":\"https:\/\/metalstory.eu\/de\/\"},{\"@type\":\"ListItem\",\"position\":2,\"name\":\"Shop\",\"item\":\"https:\/\/metalstory.eu\/shop\/\"},{\"@type\":\"ListItem\",\"position\":3,\"name\":\"Vier einzelne Beine f\u00fcr Esstisch oder K\u00fcchentisch, 4er-Set.\"}]},{\"@type\":\"WebSite\",\"@id\":\"https:\/\/metalstory.eu\/#website\",\"url\":\"https:\/\/metalstory.eu\/\",\"name\":\"Metal Story\",\"description\":\"Metal Table legs and Stainless legs for Tables\",\"potentialAction\":[{\"@type\":\"SearchAction\",\"target\":{\"@type\":\"EntryPoint\",\"urlTemplate\":\"https:\/\/metalstory.eu\/?s={search_term_string}\"},\"query-input\":{\"@type\":\"PropertyValueSpecification\",\"valueRequired\":true,\"valueName\":\"search_term_string\"}}],\"inLanguage\":\"de\"}]}<\/script>\n<!-- \/ Yoast SEO Premium plugin. -->","yoast_head_json":{"title":"Vier einzelne Beine f\u00fcr Esstisch oder K\u00fcchentisch, 4er-Set. - Metal Story","robots":{"index":"index","follow":"follow","max-snippet":"max-snippet:-1","max-image-preview":"max-image-preview:large","max-video-preview":"max-video-preview:-1"},"canonical":"https:\/\/metalstory.eu\/de\/shop\/esstischbeine\/cztery-pojedyncze-nogi-do-stolu-do-jadali-lub-stolu-kuchennego-zestaw-4-szt\/","og_locale":"de_DE","og_type":"article","og_title":"Vier einzelne Beine f\u00fcr Esstisch oder K\u00fcchentisch, 4er-Set.","og_description":"Satz mit 4 Beinen\u00a0 f\u00fcr Esstisch. Vielseitig einsetzbar. Metallbeine geben Ihrem Tisch ein einzigartiges und modernes Aussehen. Auch in der Gr\u00f6\u00dfe f\u00fcr einen Couchtisch oder eine Bank zu bestellen.         &nbsp;","og_url":"https:\/\/metalstory.eu\/de\/shop\/esstischbeine\/cztery-pojedyncze-nogi-do-stolu-do-jadali-lub-stolu-kuchennego-zestaw-4-szt\/","og_site_name":"Metal Story","article_modified_time":"2024-01-08T20:29:14+00:00","og_image":[{"width":1024,"height":577,"url":"https:\/\/metalstory.eu\/wp-content\/uploads\/2021\/05\/13-four-single-angle-legs-3.jpg","type":"image\/jpeg"}],"twitter_card":"summary_large_image","twitter_misc":{"Gesch\u00e4tzte Lesezeit":"2\u00a0Minuten"},"schema":{"@context":"https:\/\/schema.org","@graph":[{"@type":"WebPage","@id":"https:\/\/metalstory.eu\/de\/shop\/esstischbeine\/cztery-pojedyncze-nogi-do-stolu-do-jadali-lub-stolu-kuchennego-zestaw-4-szt\/","url":"https:\/\/metalstory.eu\/de\/shop\/esstischbeine\/cztery-pojedyncze-nogi-do-stolu-do-jadali-lub-stolu-kuchennego-zestaw-4-szt\/","name":"Vier einzelne Beine f\u00fcr Esstisch oder K\u00fcchentisch, 4er-Set. - Metal Story","isPartOf":{"@id":"https:\/\/metalstory.eu\/#website"},"primaryImageOfPage":{"@id":"https:\/\/metalstory.eu\/de\/shop\/esstischbeine\/cztery-pojedyncze-nogi-do-stolu-do-jadali-lub-stolu-kuchennego-zestaw-4-szt\/#primaryimage"},"image":{"@id":"https:\/\/metalstory.eu\/de\/shop\/esstischbeine\/cztery-pojedyncze-nogi-do-stolu-do-jadali-lub-stolu-kuchennego-zestaw-4-szt\/#primaryimage"},"thumbnailUrl":"https:\/\/metalstory.eu\/wp-content\/uploads\/2021\/05\/13-four-single-angle-legs-3.jpg","datePublished":"2021-05-30T11:29:45+00:00","dateModified":"2024-01-08T20:29:14+00:00","breadcrumb":{"@id":"https:\/\/metalstory.eu\/de\/shop\/esstischbeine\/cztery-pojedyncze-nogi-do-stolu-do-jadali-lub-stolu-kuchennego-zestaw-4-szt\/#breadcrumb"},"inLanguage":"de","potentialAction":[{"@type":"ReadAction","target":["https:\/\/metalstory.eu\/de\/shop\/esstischbeine\/cztery-pojedyncze-nogi-do-stolu-do-jadali-lub-stolu-kuchennego-zestaw-4-szt\/"]}]},{"@type":"ImageObject","inLanguage":"de","@id":"https:\/\/metalstory.eu\/de\/shop\/esstischbeine\/cztery-pojedyncze-nogi-do-stolu-do-jadali-lub-stolu-kuchennego-zestaw-4-szt\/#primaryimage","url":"https:\/\/metalstory.eu\/wp-content\/uploads\/2021\/05\/13-four-single-angle-legs-3.jpg","contentUrl":"https:\/\/metalstory.eu\/wp-content\/uploads\/2021\/05\/13-four-single-angle-legs-3.jpg","width":1024,"height":577},{"@type":"BreadcrumbList","@id":"https:\/\/metalstory.eu\/de\/shop\/esstischbeine\/cztery-pojedyncze-nogi-do-stolu-do-jadali-lub-stolu-kuchennego-zestaw-4-szt\/#breadcrumb","itemListElement":[{"@type":"ListItem","position":1,"name":"Home","item":"https:\/\/metalstory.eu\/de\/"},{"@type":"ListItem","position":2,"name":"Shop","item":"https:\/\/metalstory.eu\/shop\/"},{"@type":"ListItem","position":3,"name":"Vier einzelne Beine f\u00fcr Esstisch oder K\u00fcchentisch, 4er-Set."}]},{"@type":"WebSite","@id":"https:\/\/metalstory.eu\/#website","url":"https:\/\/metalstory.eu\/","name":"Metal Story","description":"Metal Table legs and Stainless legs for Tables","potentialAction":[{"@type":"SearchAction","target":{"@type":"EntryPoint","urlTemplate":"https:\/\/metalstory.eu\/?s={search_term_string}"},"query-input":{"@type":"PropertyValueSpecification","valueRequired":true,"valueName":"search_term_string"}}],"inLanguage":"de"}]}},"_links":{"self":[{"href":"https:\/\/metalstory.eu\/de\/wp-json\/wp\/v2\/product\/7628","targetHints":{"allow":["GET"]}}],"collection":[{"href":"https:\/\/metalstory.eu\/de\/wp-json\/wp\/v2\/product"}],"about":[{"href":"https:\/\/metalstory.eu\/de\/wp-json\/wp\/v2\/types\/product"}],"replies":[{"embeddable":true,"href":"https:\/\/metalstory.eu\/de\/wp-json\/wp\/v2\/comments?post=7628"}],"wp:featuredmedia":[{"embeddable":true,"href":"https:\/\/metalstory.eu\/de\/wp-json\/wp\/v2\/media\/7632"}],"wp:attachment":[{"href":"https:\/\/metalstory.eu\/de\/wp-json\/wp\/v2\/media?parent=7628"}],"wp:term":[{"taxonomy":"product_brand","embeddable":true,"href":"https:\/\/metalstory.eu\/de\/wp-json\/wp\/v2\/product_brand?post=7628"},{"taxonomy":"product_cat","embeddable":true,"href":"https:\/\/metalstory.eu\/de\/wp-json\/wp\/v2\/product_cat?post=7628"},{"taxonomy":"product_tag","embeddable":true,"href":"https:\/\/metalstory.eu\/de\/wp-json\/wp\/v2\/product_tag?post=7628"}],"curies":[{"name":"wp","href":"https:\/\/api.w.org\/{rel}","templated":true}]}}