{"id":8539,"date":"2021-05-29T18:13:27","date_gmt":"2021-05-29T18:13:27","guid":{"rendered":"https:\/\/metalstory.eu\/shop\/non%20class\u00e9\/metalowe-w-stylu-a-nowoczesne-nogi-do-stolu-i-stolika-kawowego-zestaw-2-szt\/"},"modified":"2024-01-08T21:21:52","modified_gmt":"2024-01-08T21:21:52","slug":"pieds-modernes-en-metal-pour-table-et-table-basse-en-style-a-set-de-2-pcs","status":"publish","type":"product","link":"https:\/\/metalstory.eu\/fr\/shop\/pieds-de-table-a-manger\/pieds-modernes-en-metal-pour-table-et-table-basse-en-style-a-set-de-2-pcs\/","title":{"rendered":"Pieds modernes en m\u00e9tal pour table et table basse en style A &#8211; set de 2 pcs"},"content":{"rendered":"<div>\n<div>\n<div>Les pieds trap\u00e9zo\u00efdaux en forme de A sont disponibles dans de nombreuses couleurs diff\u00e9rentes &#8211; uniques (telles que l&#8217;or antique, le cuivre, l&#8217;or) et les couleurs de base.<br \/>\nLe jeu de 2 pieds est fabriqu\u00e9 en acier de haute qualit\u00e9.<br \/>\nLe produit peut \u00e9galement \u00eatre fabriqu\u00e9 en acier inoxydable.<\/div>\n<\/div>\n<div><\/div>\n<div><\/div>\n<div><strong>Dimensions<\/strong><\/div>\n<div>\n<p><strong>Pieds de table :<\/strong><\/p>\n<ul>\n<li>Hauteur : 72 cm &#8211; 28.34&#8243;<\/li>\n<li>Largeur : 70 cm &#8211; 27.55&#8243;<\/li>\n<li>Longueur de la barre plate de montage sous le toit : 54cm &#8211; 21.26&#8243;<\/li>\n<\/ul>\n<p>Fabriqu\u00e9 \u00e0 partir d&#8217;une barre plate de 80 x 8 mm : 3.15 &#8220;x 0.31&#8221;.<\/p>\n<p><strong>Pieds de la table basse \/<\/strong><strong>banc:<\/strong>.<\/p>\n<ul>\n<li>Hauteur : 40 cm &#8211; 15.75&#8243;<\/li>\n<li>Largeur : 35 cm &#8211; 13.78&#8243;<\/li>\n<li>Longueur de la barre plate de montage sous le toit : 32cm &#8211; 12.6&#8243;<\/li>\n<\/ul>\n<p>Fabriqu\u00e9 \u00e0 partir d&#8217;une barre plate de 80 x 8 mm : 3.15 &#8220;x 0.31&#8221;.<\/p>\n<p>Il est \u00e9galement possible de commander une taille ou un mat\u00e9riau personnalis\u00e9 pour les pieds de la table &#8211; il suffit de nous contacter pour plus de d\u00e9tails.<\/p>\n<p>&nbsp;<\/p>\n<p><strong>Jambes personnalis\u00e9es<\/strong><\/p>\n<p>Si vous souhaitez modifier la couleur ou la taille, il vous suffit de nous contacter.<br \/>\nNous ferons de vos id\u00e9es une r\u00e9alit\u00e9!<br \/>\nPour plus de facilit\u00e9, vous pouvez nous donner quelques informations suppl\u00e9mentaires telles que la taille du plateau, le poids et le mat\u00e9riau. Vous pouvez \u00e9galement dessiner votre id\u00e9e sur papier.<\/p>\n<\/div>\n<\/div>\n<div>\n<p>&nbsp;<\/p>\n<div>\n<p><strong>Caract\u00e9ristiques<\/strong><\/p>\n<\/div>\n<div>\n<ul>\n<li>Pieds en acier de haute qualit\u00e9<\/li>\n<li>Ponc\u00e9 en d\u00e9tail pour une surface lisse.<\/li>\n<li>R\u00e9sistant aux rayures, durable, excellente finition par poudrage disponible dans de nombreuses couleurs telles que cuivre\/dor\u00e9, antique, brillant pour chaque couleur.<\/li>\n<li>Une qualit\u00e9 exceptionnelle &#8211; nous pr\u00eatons attention aux d\u00e9tails.<\/li>\n<li>Facile \u00e0 nettoyer.<\/li>\n<li>Votre commande est soigneusement emball\u00e9e dans une bo\u00eete s\u00e9curis\u00e9e pour le voyage.<\/li>\n<li>Tous les pieds sont \u00e9quip\u00e9s de trous de fixation en standard.<\/li>\n<\/ul>\n<p>&nbsp;<\/p>\n<p><strong>Livraison<\/strong><\/p>\n<p>Le temps de pr\u00e9paration des jambes est d&#8217;environ 6 \u00e0 8 jours ouvrables. Le d\u00e9lai de livraison est de 3 \u00e0 15 jours ouvrables en fonction du pays de livraison.<\/p>\n<p>Nous exp\u00e9dions les produits de base dans le monde entier.<\/p>\n<p>D\u00e9lai d&#8217;exp\u00e9dition standard :<\/p>\n<ul>\n<li>Union europ\u00e9enne : 3-5 jours<\/li>\n<li>\u00c9tats-Unis, Canada : 5-15 jours<\/li>\n<\/ul>\n<\/div>\n<\/div>\n<div>\n<script type=\"module\" src=\"https:\/\/ajax.googleapis.com\/ajax\/libs\/model-viewer\/3.3.0\/model-viewer.min.js\"><\/script><\/p>\n<p><model-viewer \nstyle=\"width: 100%; height: 500px; top: 0px;  position: sticky; background-color: #fcfcfc;\"\nsrc=\"https:\/\/metalstory.eu\/wp-content\/uploads\/2023\/12\/A-flat-bar-legs.glb\" ar ar-modes=\"webxr scene-viewer quick-look\" camera-controls poster=\"poster.webp\" shadow-intensity=\"2\" exposure=\"0.79\" environment-image=\"legacy\" shadow-softness=\"1\" tone-mapping=\"commerce\" auto-rotate>\n<\/p>\n<div class=\"progress-bar show\" slot=\"progress-bar\">\n<div class=\"update-bar\"><\/div>\n<\/p>\n<\/div>\n<p><\/model-viewer><\/p>\n\n\t\t\t<style type='text\/css'>\n\t\t\t\t#sc_gallery-1 {\n\t\t\t\t\tmargin: auto;\n\t\t\t\t}\n\t\t\t\t#sc_gallery-1 .gallery-item {\n\t\t\t\t\tfloat: left;\n\t\t\t\t\ttext-align: center;\n\t\t\t\t\twidth: 24.99%;\n\t\t\t\t}\n\t\t\t\t#sc_gallery-1 img {\n\t\t\t\t\tborder: 2px solid #cfcfcf;\n\t\t\t\t}\n\t\t\t\t\/* see sc_gallery() in functions\/theme-shortcodes.php *\/\n\t\t\t<\/style>\n\t\t<div id='sc_gallery-1' class='gallery galleryid-8539 gallery-columns-4 gallery-size-thumbnail file element_classes gallery-default'><dl class='gallery-item'  data-title='11 Trapezoid Table Legs 3' data-description=''><div class='gallery-item-wrapper'>\n\t\t\t\t<dt class='gallery-icon landscape'>\n\t\t\t\t\t<a href='https:\/\/metalstory.eu\/wp-content\/uploads\/2021\/05\/11-Trapezoid-Table-Legs-3.jpg'><img loading=\"lazy\" decoding=\"async\" width=\"150\" height=\"85\" src=\"https:\/\/metalstory.eu\/wp-content\/uploads\/2021\/05\/11-Trapezoid-Table-Legs-3.jpg\" class=\"attachment-thumbnail size-thumbnail\" alt=\"\" srcset=\"https:\/\/metalstory.eu\/wp-content\/uploads\/2021\/05\/11-Trapezoid-Table-Legs-3.jpg 1024w, https:\/\/metalstory.eu\/wp-content\/uploads\/2021\/05\/11-Trapezoid-Table-Legs-3-800x451.jpg 800w\" sizes=\"auto, (max-width:767px) 150px, 150px\" \/><\/a>\n\t\t\t\t<\/dt><\/div><\/dl><dl class='gallery-item'  data-title='11 Trapezoid Table Legs 4' data-description=''><div class='gallery-item-wrapper'>\n\t\t\t\t<dt class='gallery-icon landscape'>\n\t\t\t\t\t<a href='https:\/\/metalstory.eu\/wp-content\/uploads\/2021\/05\/11-Trapezoid-Table-Legs-4.jpg'><img loading=\"lazy\" decoding=\"async\" width=\"150\" height=\"85\" src=\"https:\/\/metalstory.eu\/wp-content\/uploads\/2021\/05\/11-Trapezoid-Table-Legs-4.jpg\" class=\"attachment-thumbnail size-thumbnail\" alt=\"\" srcset=\"https:\/\/metalstory.eu\/wp-content\/uploads\/2021\/05\/11-Trapezoid-Table-Legs-4.jpg 1024w, https:\/\/metalstory.eu\/wp-content\/uploads\/2021\/05\/11-Trapezoid-Table-Legs-4-800x451.jpg 800w\" sizes=\"auto, (max-width:767px) 150px, 150px\" \/><\/a>\n\t\t\t\t<\/dt><\/div><\/dl><dl class='gallery-item'  data-title='11 Trapezoid Table Legs 7' data-description=''><div class='gallery-item-wrapper'>\n\t\t\t\t<dt class='gallery-icon landscape'>\n\t\t\t\t\t<a href='https:\/\/metalstory.eu\/wp-content\/uploads\/2021\/05\/11-Trapezoid-Table-Legs-7.jpg'><img loading=\"lazy\" decoding=\"async\" width=\"150\" height=\"85\" src=\"https:\/\/metalstory.eu\/wp-content\/uploads\/2021\/05\/11-Trapezoid-Table-Legs-7.jpg\" class=\"attachment-thumbnail size-thumbnail\" alt=\"\" srcset=\"https:\/\/metalstory.eu\/wp-content\/uploads\/2021\/05\/11-Trapezoid-Table-Legs-7.jpg 1024w, https:\/\/metalstory.eu\/wp-content\/uploads\/2021\/05\/11-Trapezoid-Table-Legs-7-800x451.jpg 800w\" sizes=\"auto, (max-width:767px) 150px, 150px\" \/><\/a>\n\t\t\t\t<\/dt><\/div><\/dl><dl class='gallery-item'  data-title='11 Trapezoid Table Legs 5' data-description=''><div class='gallery-item-wrapper'>\n\t\t\t\t<dt class='gallery-icon landscape'>\n\t\t\t\t\t<a href='https:\/\/metalstory.eu\/wp-content\/uploads\/2021\/05\/11-Trapezoid-Table-Legs-5.jpg'><img loading=\"lazy\" decoding=\"async\" width=\"150\" height=\"85\" src=\"https:\/\/metalstory.eu\/wp-content\/uploads\/2021\/05\/11-Trapezoid-Table-Legs-5.jpg\" class=\"attachment-thumbnail size-thumbnail\" alt=\"\" srcset=\"https:\/\/metalstory.eu\/wp-content\/uploads\/2021\/05\/11-Trapezoid-Table-Legs-5.jpg 1024w, https:\/\/metalstory.eu\/wp-content\/uploads\/2021\/05\/11-Trapezoid-Table-Legs-5-800x451.jpg 800w\" sizes=\"auto, (max-width:767px) 150px, 150px\" \/><\/a>\n\t\t\t\t<\/dt><\/div><\/dl><br style=\"clear: both\" \/><dl class='gallery-item'  data-title='11 Trapezoid Table Legs 2' data-description=''><div class='gallery-item-wrapper'>\n\t\t\t\t<dt class='gallery-icon landscape'>\n\t\t\t\t\t<a href='https:\/\/metalstory.eu\/wp-content\/uploads\/2021\/05\/11-Trapezoid-Table-Legs-2.jpg'><img loading=\"lazy\" decoding=\"async\" width=\"150\" height=\"85\" src=\"https:\/\/metalstory.eu\/wp-content\/uploads\/2021\/05\/11-Trapezoid-Table-Legs-2.jpg\" class=\"attachment-thumbnail size-thumbnail\" alt=\"\" srcset=\"https:\/\/metalstory.eu\/wp-content\/uploads\/2021\/05\/11-Trapezoid-Table-Legs-2.jpg 1024w, https:\/\/metalstory.eu\/wp-content\/uploads\/2021\/05\/11-Trapezoid-Table-Legs-2-800x451.jpg 800w\" sizes=\"auto, (max-width:767px) 150px, 150px\" \/><\/a>\n\t\t\t\t<\/dt><\/div><\/dl><dl class='gallery-item'  data-title='11 Trapezoid Table Legs 8' data-description=''><div class='gallery-item-wrapper'>\n\t\t\t\t<dt class='gallery-icon landscape'>\n\t\t\t\t\t<a href='https:\/\/metalstory.eu\/wp-content\/uploads\/2021\/05\/11-Trapezoid-Table-Legs-8.jpg'><img loading=\"lazy\" decoding=\"async\" width=\"150\" height=\"85\" src=\"https:\/\/metalstory.eu\/wp-content\/uploads\/2021\/05\/11-Trapezoid-Table-Legs-8.jpg\" class=\"attachment-thumbnail size-thumbnail\" alt=\"\" srcset=\"https:\/\/metalstory.eu\/wp-content\/uploads\/2021\/05\/11-Trapezoid-Table-Legs-8.jpg 1024w, https:\/\/metalstory.eu\/wp-content\/uploads\/2021\/05\/11-Trapezoid-Table-Legs-8-800x451.jpg 800w\" sizes=\"auto, (max-width:767px) 150px, 150px\" \/><\/a>\n\t\t\t\t<\/dt><\/div><\/dl><dl class='gallery-item'  data-title='11 Trapezoid Table Legs' data-description=''><div class='gallery-item-wrapper'>\n\t\t\t\t<dt class='gallery-icon landscape'>\n\t\t\t\t\t<a href='https:\/\/metalstory.eu\/wp-content\/uploads\/2021\/05\/11-Trapezoid-Table-Legs.jpg'><img loading=\"lazy\" decoding=\"async\" width=\"150\" height=\"84\" src=\"https:\/\/metalstory.eu\/wp-content\/uploads\/2021\/05\/11-Trapezoid-Table-Legs.jpg\" class=\"attachment-thumbnail size-thumbnail\" alt=\"\" srcset=\"https:\/\/metalstory.eu\/wp-content\/uploads\/2021\/05\/11-Trapezoid-Table-Legs.jpg 1024w, https:\/\/metalstory.eu\/wp-content\/uploads\/2021\/05\/11-Trapezoid-Table-Legs-800x448.jpg 800w\" sizes=\"auto, (max-width:767px) 150px, 150px\" \/><\/a>\n\t\t\t\t<\/dt><\/div><\/dl><dl class='gallery-item'  data-title='11 Trapezoid Table Legs 6' data-description=''><div class='gallery-item-wrapper'>\n\t\t\t\t<dt class='gallery-icon landscape'>\n\t\t\t\t\t<a href='https:\/\/metalstory.eu\/wp-content\/uploads\/2021\/05\/11-Trapezoid-Table-Legs-6.jpg'><img loading=\"lazy\" decoding=\"async\" width=\"150\" height=\"85\" src=\"https:\/\/metalstory.eu\/wp-content\/uploads\/2021\/05\/11-Trapezoid-Table-Legs-6.jpg\" class=\"attachment-thumbnail size-thumbnail\" alt=\"\" srcset=\"https:\/\/metalstory.eu\/wp-content\/uploads\/2021\/05\/11-Trapezoid-Table-Legs-6.jpg 1024w, https:\/\/metalstory.eu\/wp-content\/uploads\/2021\/05\/11-Trapezoid-Table-Legs-6-800x451.jpg 800w\" sizes=\"auto, (max-width:767px) 150px, 150px\" \/><\/a>\n\t\t\t\t<\/dt><\/div><\/dl><br style=\"clear: both\" \/>\n\t\t\t<\/div>\n\n<\/div>\n<h6><hr class=\"\" style=\"margin:0 auto 30px;\"\/>\n<\/h6>\n<h5><span style=\"color: #ffb700\"><i class=\"icon-truck-line\" style=\"\" aria-hidden=\"true\"><\/i><\/span> Exp\u00e9dition mondiale<br \/>\n<span style=\"color: #ffb700\"><i class=\"icon-credit-card\" style=\"\" aria-hidden=\"true\"><\/i><\/span> MasterCard, VISA, PayPal, Google Pay, Apple Pay, virement bancaire.<br \/>\n<span style=\"color: #ffb700\"><i class=\"icon-lock\" style=\"\" aria-hidden=\"true\"><\/i><\/span> Paiement s\u00e9curis\u00e9<br \/>\n<span style=\"color: #ffb700\"><i class=\"icon-clock\" style=\"\" aria-hidden=\"true\"><\/i><\/span>La livraison est rapide &#8211; directement de notre studio!<\/h5>\n<h6><p class=\"wpcf7-contact-form-not-found\"><strong>Erreur\u00a0:<\/strong> Formulaire de contact non trouv\u00e9\u00a0!<\/p><\/h6>\n","protected":false},"excerpt":{"rendered":"<p>Pieds en forme de A ou de trap\u00e8ze. Ils offrent beaucoup d&#8217;espace sous la table pour les chaises.  donneront \u00e0 votre table un aspect <strong>unique<\/strong> et moderne.<br \/>\nIl est \u00e9galement possible de commander en taille pour une <strong>table \u00e0 caf\u00e9 ou un banc.<\/strong>.<br \/>\n<script type=\"module\" src=\"https:\/\/ajax.googleapis.com\/ajax\/libs\/model-viewer\/3.3.0\/model-viewer.min.js\"><\/script><\/p>\n<p><model-viewer \nstyle=\"width: 100%; height: 300px; top: 0px;  position: sticky; background-color: #fcfcfc;\"\nsrc=\"https:\/\/metalstory.eu\/wp-content\/uploads\/2024\/01\/11-Trapezoid-Table-Legs-A-style.glb\" ar ar-modes=\"webxr scene-viewer quick-look\" camera-controls poster=\"poster.webp\" shadow-intensity=\"2\" exposure=\"0.79\" environment-image=\"legacy\" shadow-softness=\"1\" tone-mapping=\"commerce\" max-field-of-view='25deg' auto-rotate>\n<\/p>\n<div class=\"progress-bar show\" slot=\"progress-bar\">\n<div class=\"update-bar\"><\/div>\n<\/p>\n<\/div>\n<p><\/model-viewer><\/p>\n<p>&nbsp;<\/p>\n","protected":false},"featured_media":6685,"comment_status":"closed","ping_status":"closed","template":"","meta":[],"product_brand":[],"product_cat":[349,350],"product_tag":[],"class_list":{"0":"post-8539","1":"product","2":"type-product","3":"status-publish","4":"has-post-thumbnail","6":"product_cat-pieds-de-table-a-manger","7":"product_cat-pieds-de-table-basse","9":"first","10":"instock","11":"taxable","12":"shipping-taxable","13":"purchasable","14":"product-type-variable","15":"has-default-attributes"},"bundled_by":[],"bundle_stock_status":"instock","bundle_stock_quantity":null,"bundle_virtual":false,"bundle_layout":"","bundle_add_to_cart_form_location":"","bundle_editable_in_cart":false,"bundle_sold_individually_context":"","bundle_item_grouping":"","bundle_min_size":"","bundle_max_size":"","bundle_price":[],"bundled_items":[],"bundle_sell_ids":[],"yoast_head":"<!-- This site is optimized with the Yoast SEO Premium plugin v26.4 (Yoast SEO v27.1.1) - https:\/\/yoast.com\/product\/yoast-seo-premium-wordpress\/ -->\n<title>Pieds modernes en m\u00e9tal pour table et table basse en style A - set de 2 pcs - Metal Story<\/title>\n<meta name=\"robots\" content=\"index, follow, max-snippet:-1, max-image-preview:large, max-video-preview:-1\" \/>\n<link rel=\"canonical\" href=\"https:\/\/metalstory.eu\/fr\/shop\/pieds-de-table-a-manger\/pieds-modernes-en-metal-pour-table-et-table-basse-en-style-a-set-de-2-pcs\/\" \/>\n<meta property=\"og:locale\" content=\"fr_FR\" \/>\n<meta property=\"og:type\" content=\"article\" \/>\n<meta property=\"og:title\" content=\"Pieds modernes en m\u00e9tal pour table et table basse en style A - set de 2 pcs\" \/>\n<meta property=\"og:description\" content=\"Pieds en forme de A ou de trap\u00e8ze. Ils offrent beaucoup d&#039;espace sous la table pour les chaises. donneront \u00e0 votre table un aspect unique et moderne. Il est \u00e9galement possible de commander en taille pour une table \u00e0 caf\u00e9 ou un banc..         &nbsp;\" \/>\n<meta property=\"og:url\" content=\"https:\/\/metalstory.eu\/fr\/shop\/pieds-de-table-a-manger\/pieds-modernes-en-metal-pour-table-et-table-basse-en-style-a-set-de-2-pcs\/\" \/>\n<meta property=\"og:site_name\" content=\"Metal Story\" \/>\n<meta property=\"article:modified_time\" content=\"2024-01-08T21:21:52+00:00\" \/>\n<meta property=\"og:image\" content=\"https:\/\/metalstory.eu\/wp-content\/uploads\/2021\/05\/11-Trapezoid-Table-Legs-3.jpg\" \/>\n\t<meta property=\"og:image:width\" content=\"1024\" \/>\n\t<meta property=\"og:image:height\" content=\"577\" \/>\n\t<meta property=\"og:image:type\" content=\"image\/jpeg\" \/>\n<meta name=\"twitter:card\" content=\"summary_large_image\" \/>\n<meta name=\"twitter:label1\" content=\"Dur\u00e9e de lecture estim\u00e9e\" \/>\n\t<meta name=\"twitter:data1\" content=\"2 minutes\" \/>\n<script type=\"application\/ld+json\" class=\"yoast-schema-graph\">{\"@context\":\"https:\/\/schema.org\",\"@graph\":[{\"@type\":\"WebPage\",\"@id\":\"https:\/\/metalstory.eu\/fr\/shop\/pieds-de-table-a-manger\/pieds-modernes-en-metal-pour-table-et-table-basse-en-style-a-set-de-2-pcs\/\",\"url\":\"https:\/\/metalstory.eu\/fr\/shop\/pieds-de-table-a-manger\/pieds-modernes-en-metal-pour-table-et-table-basse-en-style-a-set-de-2-pcs\/\",\"name\":\"Pieds modernes en m\u00e9tal pour table et table basse en style A - set de 2 pcs - Metal Story\",\"isPartOf\":{\"@id\":\"https:\/\/metalstory.eu\/#website\"},\"primaryImageOfPage\":{\"@id\":\"https:\/\/metalstory.eu\/fr\/shop\/pieds-de-table-a-manger\/pieds-modernes-en-metal-pour-table-et-table-basse-en-style-a-set-de-2-pcs\/#primaryimage\"},\"image\":{\"@id\":\"https:\/\/metalstory.eu\/fr\/shop\/pieds-de-table-a-manger\/pieds-modernes-en-metal-pour-table-et-table-basse-en-style-a-set-de-2-pcs\/#primaryimage\"},\"thumbnailUrl\":\"https:\/\/metalstory.eu\/wp-content\/uploads\/2021\/05\/11-Trapezoid-Table-Legs-3.jpg\",\"datePublished\":\"2021-05-29T18:13:27+00:00\",\"dateModified\":\"2024-01-08T21:21:52+00:00\",\"breadcrumb\":{\"@id\":\"https:\/\/metalstory.eu\/fr\/shop\/pieds-de-table-a-manger\/pieds-modernes-en-metal-pour-table-et-table-basse-en-style-a-set-de-2-pcs\/#breadcrumb\"},\"inLanguage\":\"fr-FR\",\"potentialAction\":[{\"@type\":\"ReadAction\",\"target\":[\"https:\/\/metalstory.eu\/fr\/shop\/pieds-de-table-a-manger\/pieds-modernes-en-metal-pour-table-et-table-basse-en-style-a-set-de-2-pcs\/\"]}]},{\"@type\":\"ImageObject\",\"inLanguage\":\"fr-FR\",\"@id\":\"https:\/\/metalstory.eu\/fr\/shop\/pieds-de-table-a-manger\/pieds-modernes-en-metal-pour-table-et-table-basse-en-style-a-set-de-2-pcs\/#primaryimage\",\"url\":\"https:\/\/metalstory.eu\/wp-content\/uploads\/2021\/05\/11-Trapezoid-Table-Legs-3.jpg\",\"contentUrl\":\"https:\/\/metalstory.eu\/wp-content\/uploads\/2021\/05\/11-Trapezoid-Table-Legs-3.jpg\",\"width\":1024,\"height\":577},{\"@type\":\"BreadcrumbList\",\"@id\":\"https:\/\/metalstory.eu\/fr\/shop\/pieds-de-table-a-manger\/pieds-modernes-en-metal-pour-table-et-table-basse-en-style-a-set-de-2-pcs\/#breadcrumb\",\"itemListElement\":[{\"@type\":\"ListItem\",\"position\":1,\"name\":\"Home\",\"item\":\"https:\/\/metalstory.eu\/\"},{\"@type\":\"ListItem\",\"position\":2,\"name\":\"Shop\",\"item\":\"https:\/\/metalstory.eu\/shop\/\"},{\"@type\":\"ListItem\",\"position\":3,\"name\":\"Pieds modernes en m\u00e9tal pour table et table basse en style A &#8211; set de 2 pcs\"}]},{\"@type\":\"WebSite\",\"@id\":\"https:\/\/metalstory.eu\/#website\",\"url\":\"https:\/\/metalstory.eu\/\",\"name\":\"Metal Story\",\"description\":\"Metal Table legs and Stainless legs for Tables\",\"potentialAction\":[{\"@type\":\"SearchAction\",\"target\":{\"@type\":\"EntryPoint\",\"urlTemplate\":\"https:\/\/metalstory.eu\/?s={search_term_string}\"},\"query-input\":{\"@type\":\"PropertyValueSpecification\",\"valueRequired\":true,\"valueName\":\"search_term_string\"}}],\"inLanguage\":\"fr-FR\"}]}<\/script>\n<!-- \/ Yoast SEO Premium plugin. -->","yoast_head_json":{"title":"Pieds modernes en m\u00e9tal pour table et table basse en style A - set de 2 pcs - Metal Story","robots":{"index":"index","follow":"follow","max-snippet":"max-snippet:-1","max-image-preview":"max-image-preview:large","max-video-preview":"max-video-preview:-1"},"canonical":"https:\/\/metalstory.eu\/fr\/shop\/pieds-de-table-a-manger\/pieds-modernes-en-metal-pour-table-et-table-basse-en-style-a-set-de-2-pcs\/","og_locale":"fr_FR","og_type":"article","og_title":"Pieds modernes en m\u00e9tal pour table et table basse en style A - set de 2 pcs","og_description":"Pieds en forme de A ou de trap\u00e8ze. Ils offrent beaucoup d'espace sous la table pour les chaises. donneront \u00e0 votre table un aspect unique et moderne. Il est \u00e9galement possible de commander en taille pour une table \u00e0 caf\u00e9 ou un banc..         &nbsp;","og_url":"https:\/\/metalstory.eu\/fr\/shop\/pieds-de-table-a-manger\/pieds-modernes-en-metal-pour-table-et-table-basse-en-style-a-set-de-2-pcs\/","og_site_name":"Metal Story","article_modified_time":"2024-01-08T21:21:52+00:00","og_image":[{"width":1024,"height":577,"url":"https:\/\/metalstory.eu\/wp-content\/uploads\/2021\/05\/11-Trapezoid-Table-Legs-3.jpg","type":"image\/jpeg"}],"twitter_card":"summary_large_image","twitter_misc":{"Dur\u00e9e de lecture estim\u00e9e":"2 minutes"},"schema":{"@context":"https:\/\/schema.org","@graph":[{"@type":"WebPage","@id":"https:\/\/metalstory.eu\/fr\/shop\/pieds-de-table-a-manger\/pieds-modernes-en-metal-pour-table-et-table-basse-en-style-a-set-de-2-pcs\/","url":"https:\/\/metalstory.eu\/fr\/shop\/pieds-de-table-a-manger\/pieds-modernes-en-metal-pour-table-et-table-basse-en-style-a-set-de-2-pcs\/","name":"Pieds modernes en m\u00e9tal pour table et table basse en style A - set de 2 pcs - Metal Story","isPartOf":{"@id":"https:\/\/metalstory.eu\/#website"},"primaryImageOfPage":{"@id":"https:\/\/metalstory.eu\/fr\/shop\/pieds-de-table-a-manger\/pieds-modernes-en-metal-pour-table-et-table-basse-en-style-a-set-de-2-pcs\/#primaryimage"},"image":{"@id":"https:\/\/metalstory.eu\/fr\/shop\/pieds-de-table-a-manger\/pieds-modernes-en-metal-pour-table-et-table-basse-en-style-a-set-de-2-pcs\/#primaryimage"},"thumbnailUrl":"https:\/\/metalstory.eu\/wp-content\/uploads\/2021\/05\/11-Trapezoid-Table-Legs-3.jpg","datePublished":"2021-05-29T18:13:27+00:00","dateModified":"2024-01-08T21:21:52+00:00","breadcrumb":{"@id":"https:\/\/metalstory.eu\/fr\/shop\/pieds-de-table-a-manger\/pieds-modernes-en-metal-pour-table-et-table-basse-en-style-a-set-de-2-pcs\/#breadcrumb"},"inLanguage":"fr-FR","potentialAction":[{"@type":"ReadAction","target":["https:\/\/metalstory.eu\/fr\/shop\/pieds-de-table-a-manger\/pieds-modernes-en-metal-pour-table-et-table-basse-en-style-a-set-de-2-pcs\/"]}]},{"@type":"ImageObject","inLanguage":"fr-FR","@id":"https:\/\/metalstory.eu\/fr\/shop\/pieds-de-table-a-manger\/pieds-modernes-en-metal-pour-table-et-table-basse-en-style-a-set-de-2-pcs\/#primaryimage","url":"https:\/\/metalstory.eu\/wp-content\/uploads\/2021\/05\/11-Trapezoid-Table-Legs-3.jpg","contentUrl":"https:\/\/metalstory.eu\/wp-content\/uploads\/2021\/05\/11-Trapezoid-Table-Legs-3.jpg","width":1024,"height":577},{"@type":"BreadcrumbList","@id":"https:\/\/metalstory.eu\/fr\/shop\/pieds-de-table-a-manger\/pieds-modernes-en-metal-pour-table-et-table-basse-en-style-a-set-de-2-pcs\/#breadcrumb","itemListElement":[{"@type":"ListItem","position":1,"name":"Home","item":"https:\/\/metalstory.eu\/"},{"@type":"ListItem","position":2,"name":"Shop","item":"https:\/\/metalstory.eu\/shop\/"},{"@type":"ListItem","position":3,"name":"Pieds modernes en m\u00e9tal pour table et table basse en style A &#8211; set de 2 pcs"}]},{"@type":"WebSite","@id":"https:\/\/metalstory.eu\/#website","url":"https:\/\/metalstory.eu\/","name":"Metal Story","description":"Metal Table legs and Stainless legs for Tables","potentialAction":[{"@type":"SearchAction","target":{"@type":"EntryPoint","urlTemplate":"https:\/\/metalstory.eu\/?s={search_term_string}"},"query-input":{"@type":"PropertyValueSpecification","valueRequired":true,"valueName":"search_term_string"}}],"inLanguage":"fr-FR"}]}},"_links":{"self":[{"href":"https:\/\/metalstory.eu\/fr\/wp-json\/wp\/v2\/product\/8539","targetHints":{"allow":["GET"]}}],"collection":[{"href":"https:\/\/metalstory.eu\/fr\/wp-json\/wp\/v2\/product"}],"about":[{"href":"https:\/\/metalstory.eu\/fr\/wp-json\/wp\/v2\/types\/product"}],"replies":[{"embeddable":true,"href":"https:\/\/metalstory.eu\/fr\/wp-json\/wp\/v2\/comments?post=8539"}],"wp:featuredmedia":[{"embeddable":true,"href":"https:\/\/metalstory.eu\/fr\/wp-json\/wp\/v2\/media\/6685"}],"wp:attachment":[{"href":"https:\/\/metalstory.eu\/fr\/wp-json\/wp\/v2\/media?parent=8539"}],"wp:term":[{"taxonomy":"product_brand","embeddable":true,"href":"https:\/\/metalstory.eu\/fr\/wp-json\/wp\/v2\/product_brand?post=8539"},{"taxonomy":"product_cat","embeddable":true,"href":"https:\/\/metalstory.eu\/fr\/wp-json\/wp\/v2\/product_cat?post=8539"},{"taxonomy":"product_tag","embeddable":true,"href":"https:\/\/metalstory.eu\/fr\/wp-json\/wp\/v2\/product_tag?post=8539"}],"curies":[{"name":"wp","href":"https:\/\/api.w.org\/{rel}","templated":true}]}}