{"id":9081,"date":"2021-04-25T16:11:27","date_gmt":"2021-04-25T16:11:27","guid":{"rendered":"https:\/\/metalstory.eu\/shop\/non%20class\u00e9\/trapezowe-zlamane-industrialne-nogi-do-stolu-zestaw-2-szt\/"},"modified":"2024-01-09T22:43:06","modified_gmt":"2024-01-09T22:43:06","slug":"pieds-de-table-industriels-trapezoidaux-casses-jeu-de-2-pieces","status":"publish","type":"product","link":"https:\/\/metalstory.eu\/fr\/shop\/pieds-de-table-a-manger\/pieds-de-table-industriels-trapezoidaux-casses-jeu-de-2-pieces\/","title":{"rendered":"Pieds de table industriels trap\u00e9zo\u00efdaux, cass\u00e9s &#8211; jeu de 2 pi\u00e8ces"},"content":{"rendered":"<div>\n<div>\n<div>\n<div>Les pieds sont disponibles dans de nombreuses couleurs diff\u00e9rentes &#8211; uniques (par exemple, or antique, cuivre, or, couleurs transparentes) et couleurs de base.<br \/>\nL&#8217;ensemble de 2 pieds est fabriqu\u00e9 en acier de haute qualit\u00e9.<br \/>\nLe produit peut \u00e9galement \u00eatre fabriqu\u00e9 en acier inoxydable.<strong>Dimensions<\/strong>.<\/div>\n<\/div>\n<div>\n<p><strong>Pieds de table :<\/strong><\/p>\n<ul>\n<li>Hauteur : 72 cm &#8211; 28.35&#8243;<\/li>\n<li>Largeur \u00e0 la base : 70 cm &#8211; 27.55&#8243;<\/li>\n<li>Longueur de la plaque de montage : 60 cm &#8211; 23.62&#8243;<\/li>\n<\/ul>\n<p>Fabriqu\u00e9 \u00e0 partir d&#8217;un profil\u00e9 rectangulaire : 80&#215;20 mm &#8211; 3.15&#8243; x 0.79&#8243;<\/p>\n<p><strong>Pieds de la table basse \/<\/strong><strong>banc:<\/strong>.<\/p>\n<ul>\n<li>Hauteur : 40 cm &#8211; 15.75&#8243;<\/li>\n<li>Largeur \u00e0 la base : 35 cm &#8211; 13.78&#8243;<\/li>\n<li>Longueur de la plaque de montage : \u00a032cm- 12.6&#8243;<\/li>\n<\/ul>\n<p>Fabriqu\u00e9 \u00e0 partir d&#8217;un profil\u00e9 rectangulaire : 80&#215;20 mm &#8211; 3.15&#8243; x 0.79&#8243;<\/p>\n<p>Il est \u00e9galement possible de commander une taille ou un mat\u00e9riau personnalis\u00e9 pour les pieds de la table &#8211; il suffit de nous contacter pour plus de d\u00e9tails.<\/p>\n<p>&nbsp;<\/p>\n<p><strong>Jambes personnalis\u00e9es<\/strong><\/p>\n<p>Si vous souhaitez modifier la couleur ou la taille, il vous suffit de nous contacter.<br \/>\nNous ferons de vos id\u00e9es une r\u00e9alit\u00e9!<br \/>\nPour plus de facilit\u00e9, vous pouvez nous donner quelques informations suppl\u00e9mentaires telles que la taille du plateau, le poids et le mat\u00e9riau. Vous pouvez \u00e9galement dessiner votre id\u00e9e sur papier.<\/p>\n<p>&nbsp;<\/p>\n<\/div>\n<\/div>\n<\/div>\n<div>\n<div>\n<p><strong>Caract\u00e9ristiques<\/strong><\/p>\n<\/div>\n<div>\n<ul>\n<li>Pieds en acier de haute qualit\u00e9<\/li>\n<li>Ponc\u00e9 en d\u00e9tail pour une surface lisse.<\/li>\n<li>R\u00e9sistant aux rayures, durable, excellente finition par poudrage disponible dans de nombreuses couleurs telles que cuivre\/dor\u00e9, antique, brillant pour chaque couleur.<\/li>\n<li>Une qualit\u00e9 exceptionnelle &#8211; nous pr\u00eatons attention aux d\u00e9tails.<\/li>\n<li>Facile \u00e0 nettoyer.<\/li>\n<li>Votre commande est soigneusement emball\u00e9e dans une bo\u00eete s\u00e9curis\u00e9e pour le voyage.<\/li>\n<li>Tous les pieds sont \u00e9quip\u00e9s de trous de fixation en standard.<\/li>\n<\/ul>\n<p>&nbsp;<\/p>\n<p><strong>Livraison<\/strong><\/p>\n<p>Le temps de pr\u00e9paration des jambes est d&#8217;environ 6 \u00e0 8 jours ouvrables. Le d\u00e9lai de livraison est de 3 \u00e0 15 jours ouvrables en fonction du pays de livraison.<\/p>\n<p>Nous exp\u00e9dions les produits de base dans le monde entier.<\/p>\n<p>D\u00e9lai d&#8217;exp\u00e9dition standard :<\/p>\n<ul>\n<li>Union europ\u00e9enne : 3-5 jours<\/li>\n<li>\u00c9tats-Unis, Canada : 5-15 jours<\/li>\n<\/ul>\n<\/div>\n<\/div>\n<div>\n<script type=\"module\" src=\"https:\/\/ajax.googleapis.com\/ajax\/libs\/model-viewer\/3.3.0\/model-viewer.min.js\"><\/script><\/p>\n<p><model-viewer \nstyle=\"width: 100%; height: 500px; top: 0px;  position: sticky; background-color: #fcfcfc;\"\nsrc=\"https:\/\/metalstory.eu\/wp-content\/uploads\/2024\/01\/4-curved.glb\" ar ar-modes=\"webxr scene-viewer quick-look\" camera-controls poster=\"poster.webp\" shadow-intensity=\"2\" exposure=\"0.79\" environment-image=\"legacy\" shadow-softness=\"1\" tone-mapping=\"commerce\" max-field-of-view='25deg' auto-rotate>\n<\/p>\n<div class=\"progress-bar show\" slot=\"progress-bar\">\n<div class=\"update-bar\"><\/div>\n<\/p>\n<\/div>\n<p><\/model-viewer><\/p>\n\n\t\t\t<style type='text\/css'>\n\t\t\t\t#sc_gallery-1 {\n\t\t\t\t\tmargin: auto;\n\t\t\t\t}\n\t\t\t\t#sc_gallery-1 .gallery-item {\n\t\t\t\t\tfloat: left;\n\t\t\t\t\ttext-align: center;\n\t\t\t\t\twidth: 19.99%;\n\t\t\t\t}\n\t\t\t\t#sc_gallery-1 img {\n\t\t\t\t\tborder: 2px solid #cfcfcf;\n\t\t\t\t}\n\t\t\t\t\/* see sc_gallery() in functions\/theme-shortcodes.php *\/\n\t\t\t<\/style>\n\t\t<div id='sc_gallery-1' class='gallery galleryid-9081 gallery-columns-5 gallery-size-thumbnail file element_classes gallery-default'><dl class='gallery-item'  data-title='square_curved_1' data-description=''><div class='gallery-item-wrapper'>\n\t\t\t\t<dt class='gallery-icon landscape'>\n\t\t\t\t\t<a href='https:\/\/metalstory.eu\/wp-content\/uploads\/2021\/04\/square_curved_1.jpg'><img loading=\"lazy\" decoding=\"async\" width=\"150\" height=\"84\" src=\"https:\/\/metalstory.eu\/wp-content\/uploads\/2021\/04\/square_curved_1.jpg\" class=\"attachment-thumbnail size-thumbnail\" alt=\"\" srcset=\"https:\/\/metalstory.eu\/wp-content\/uploads\/2021\/04\/square_curved_1.jpg 1024w, https:\/\/metalstory.eu\/wp-content\/uploads\/2021\/04\/square_curved_1-800x449.jpg 800w\" sizes=\"auto, (max-width:767px) 150px, 150px\" \/><\/a>\n\t\t\t\t<\/dt><\/div><\/dl><dl class='gallery-item'  data-title='square_curved_2' data-description=''><div class='gallery-item-wrapper'>\n\t\t\t\t<dt class='gallery-icon landscape'>\n\t\t\t\t\t<a href='https:\/\/metalstory.eu\/wp-content\/uploads\/2021\/04\/square_curved_2.jpg'><img loading=\"lazy\" decoding=\"async\" width=\"150\" height=\"84\" src=\"https:\/\/metalstory.eu\/wp-content\/uploads\/2021\/04\/square_curved_2.jpg\" class=\"attachment-thumbnail size-thumbnail\" alt=\"\" srcset=\"https:\/\/metalstory.eu\/wp-content\/uploads\/2021\/04\/square_curved_2.jpg 1024w, https:\/\/metalstory.eu\/wp-content\/uploads\/2021\/04\/square_curved_2-800x449.jpg 800w\" sizes=\"auto, (max-width:767px) 150px, 150px\" \/><\/a>\n\t\t\t\t<\/dt><\/div><\/dl><dl class='gallery-item'  data-title='square_curved_4' data-description=''><div class='gallery-item-wrapper'>\n\t\t\t\t<dt class='gallery-icon landscape'>\n\t\t\t\t\t<a href='https:\/\/metalstory.eu\/wp-content\/uploads\/2021\/04\/square_curved_4.jpg'><img loading=\"lazy\" decoding=\"async\" width=\"150\" height=\"85\" src=\"https:\/\/metalstory.eu\/wp-content\/uploads\/2021\/04\/square_curved_4.jpg\" class=\"attachment-thumbnail size-thumbnail\" alt=\"\" srcset=\"https:\/\/metalstory.eu\/wp-content\/uploads\/2021\/04\/square_curved_4.jpg 1024w, https:\/\/metalstory.eu\/wp-content\/uploads\/2021\/04\/square_curved_4-800x451.jpg 800w\" sizes=\"auto, (max-width:767px) 150px, 150px\" \/><\/a>\n\t\t\t\t<\/dt><\/div><\/dl><dl class='gallery-item'  data-title='square_curved_8' data-description=''><div class='gallery-item-wrapper'>\n\t\t\t\t<dt class='gallery-icon portrait'>\n\t\t\t\t\t<a href='https:\/\/metalstory.eu\/wp-content\/uploads\/2021\/04\/square_curved_8.jpg'><img loading=\"lazy\" decoding=\"async\" width=\"113\" height=\"150\" src=\"https:\/\/metalstory.eu\/wp-content\/uploads\/2021\/04\/square_curved_8.jpg\" class=\"attachment-thumbnail size-thumbnail\" alt=\"\" \/><\/a>\n\t\t\t\t<\/dt><\/div><\/dl><dl class='gallery-item'  data-title='square_curved_3' data-description=''><div class='gallery-item-wrapper'>\n\t\t\t\t<dt class='gallery-icon landscape'>\n\t\t\t\t\t<a href='https:\/\/metalstory.eu\/wp-content\/uploads\/2021\/04\/square_curved_3.jpg'><img loading=\"lazy\" decoding=\"async\" width=\"150\" height=\"84\" src=\"https:\/\/metalstory.eu\/wp-content\/uploads\/2021\/04\/square_curved_3.jpg\" class=\"attachment-thumbnail size-thumbnail\" alt=\"\" srcset=\"https:\/\/metalstory.eu\/wp-content\/uploads\/2021\/04\/square_curved_3.jpg 1024w, https:\/\/metalstory.eu\/wp-content\/uploads\/2021\/04\/square_curved_3-800x448.jpg 800w\" sizes=\"auto, (max-width:767px) 150px, 150px\" \/><\/a>\n\t\t\t\t<\/dt><\/div><\/dl><br style=\"clear: both\" \/><dl class='gallery-item'  data-title='square_curved_9' data-description=''><div class='gallery-item-wrapper'>\n\t\t\t\t<dt class='gallery-icon portrait'>\n\t\t\t\t\t<a href='https:\/\/metalstory.eu\/wp-content\/uploads\/2021\/04\/square_curved_9.jpg'><img loading=\"lazy\" decoding=\"async\" width=\"113\" height=\"150\" src=\"https:\/\/metalstory.eu\/wp-content\/uploads\/2021\/04\/square_curved_9.jpg\" class=\"attachment-thumbnail size-thumbnail\" alt=\"\" srcset=\"https:\/\/metalstory.eu\/wp-content\/uploads\/2021\/04\/square_curved_9.jpg 1024w, https:\/\/metalstory.eu\/wp-content\/uploads\/2021\/04\/square_curved_9-800x1066.jpg 800w\" sizes=\"auto, (max-width:767px) 113px, 113px\" \/><\/a>\n\t\t\t\t<\/dt><\/div><\/dl><dl class='gallery-item'  data-title='square_curved_7' data-description=''><div class='gallery-item-wrapper'>\n\t\t\t\t<dt class='gallery-icon landscape'>\n\t\t\t\t\t<a href='https:\/\/metalstory.eu\/wp-content\/uploads\/2021\/04\/square_curved_7.jpg'><img loading=\"lazy\" decoding=\"async\" width=\"150\" height=\"139\" src=\"https:\/\/metalstory.eu\/wp-content\/uploads\/2021\/04\/square_curved_7.jpg\" class=\"attachment-thumbnail size-thumbnail\" alt=\"\" srcset=\"https:\/\/metalstory.eu\/wp-content\/uploads\/2021\/04\/square_curved_7.jpg 1704w, https:\/\/metalstory.eu\/wp-content\/uploads\/2021\/04\/square_curved_7-800x740.jpg 800w\" sizes=\"auto, (max-width:767px) 150px, 150px\" \/><\/a>\n\t\t\t\t<\/dt><\/div><\/dl><dl class='gallery-item'  data-title='square_curved_6' data-description=''><div class='gallery-item-wrapper'>\n\t\t\t\t<dt class='gallery-icon landscape'>\n\t\t\t\t\t<a href='https:\/\/metalstory.eu\/wp-content\/uploads\/2021\/04\/square_curved_6.jpg'><img loading=\"lazy\" decoding=\"async\" width=\"150\" height=\"113\" src=\"https:\/\/metalstory.eu\/wp-content\/uploads\/2021\/04\/square_curved_6.jpg\" class=\"attachment-thumbnail size-thumbnail\" alt=\"\" srcset=\"https:\/\/metalstory.eu\/wp-content\/uploads\/2021\/04\/square_curved_6.jpg 2272w, https:\/\/metalstory.eu\/wp-content\/uploads\/2021\/04\/square_curved_6-800x600.jpg 800w\" sizes=\"auto, (max-width:767px) 150px, 150px\" \/><\/a>\n\t\t\t\t<\/dt><\/div><\/dl><dl class='gallery-item'  data-title='square_curved_5' data-description=''><div class='gallery-item-wrapper'>\n\t\t\t\t<dt class='gallery-icon landscape'>\n\t\t\t\t\t<a href='https:\/\/metalstory.eu\/wp-content\/uploads\/2021\/04\/square_curved_5.jpg'><img loading=\"lazy\" decoding=\"async\" width=\"150\" height=\"71\" src=\"https:\/\/metalstory.eu\/wp-content\/uploads\/2021\/04\/square_curved_5.jpg\" class=\"attachment-thumbnail size-thumbnail\" alt=\"\" srcset=\"https:\/\/metalstory.eu\/wp-content\/uploads\/2021\/04\/square_curved_5.jpg 1024w, https:\/\/metalstory.eu\/wp-content\/uploads\/2021\/04\/square_curved_5-800x379.jpg 800w\" sizes=\"auto, (max-width:767px) 150px, 150px\" \/><\/a>\n\t\t\t\t<\/dt><\/div><\/dl>\n\t\t\t\t<br style='clear: both' \/>\n\t\t\t<\/div>\n\n<\/div>\n<h6><hr class=\"\" style=\"margin:0 auto 30px;\"\/>\n<\/h6>\n<h5><span style=\"color: #ffb700\"><i class=\"icon-truck-line\" style=\"\" aria-hidden=\"true\"><\/i><\/span> Exp\u00e9dition mondiale<br \/>\n<span style=\"color: #ffb700\"><i class=\"icon-credit-card\" style=\"\" aria-hidden=\"true\"><\/i><\/span> MasterCard, VISA, PayPal, Google Pay, Apple Pay, virement bancaire.<br \/>\n<span style=\"color: #ffb700\"><i class=\"icon-lock\" style=\"\" aria-hidden=\"true\"><\/i><\/span> Paiement s\u00e9curis\u00e9<br \/>\n<span style=\"color: #ffb700\"><i class=\"icon-clock\" style=\"\" aria-hidden=\"true\"><\/i><\/span>La livraison est rapide &#8211; directement de notre studio!<\/h5>\n<h6><p class=\"wpcf7-contact-form-not-found\"><strong>Erreur\u00a0:<\/strong> Formulaire de contact non trouv\u00e9\u00a0!<\/p><\/h6>\n","protected":false},"excerpt":{"rendered":"<p>Un superbe design, une forme <strong>carr\u00e9e<\/strong> tr\u00e8s populaire.  donneront \u00e0 votre table un aspect <strong>unique<\/strong> et moderne.<br \/>\nEgalement disponible sur commande pour une <strong>table \u00e0 caf\u00e9 ou un banc.<\/strong><br \/>\n<script type=\"module\" src=\"https:\/\/ajax.googleapis.com\/ajax\/libs\/model-viewer\/3.3.0\/model-viewer.min.js\"><\/script><\/p>\n<p><model-viewer \nstyle=\"width: 100%; height: 300px; top: 0px;  position: sticky; background-color: #fcfcfc;\"\nsrc=\"https:\/\/metalstory.eu\/wp-content\/uploads\/2024\/01\/4-curved.glb\" ar ar-modes=\"webxr scene-viewer quick-look\" camera-controls poster=\"poster.webp\" shadow-intensity=\"2\" exposure=\"0.79\" environment-image=\"legacy\" shadow-softness=\"1\" tone-mapping=\"commerce\" max-field-of-view='25deg' auto-rotate>\n<\/p>\n<div class=\"progress-bar show\" slot=\"progress-bar\">\n<div class=\"update-bar\"><\/div>\n<\/p>\n<\/div>\n<p><\/model-viewer><\/p>\n","protected":false},"featured_media":7102,"comment_status":"closed","ping_status":"closed","template":"","meta":[],"product_brand":[],"product_cat":[349,350],"product_tag":[],"class_list":{"0":"post-9081","1":"product","2":"type-product","3":"status-publish","4":"has-post-thumbnail","6":"product_cat-pieds-de-table-a-manger","7":"product_cat-pieds-de-table-basse","9":"first","10":"instock","11":"taxable","12":"shipping-taxable","13":"purchasable","14":"product-type-variable","15":"has-default-attributes"},"bundled_by":[],"bundle_stock_status":"instock","bundle_stock_quantity":null,"bundle_virtual":false,"bundle_layout":"","bundle_add_to_cart_form_location":"","bundle_editable_in_cart":false,"bundle_sold_individually_context":"","bundle_item_grouping":"","bundle_min_size":"","bundle_max_size":"","bundle_price":[],"bundled_items":[],"bundle_sell_ids":[],"yoast_head":"<!-- This site is optimized with the Yoast SEO Premium plugin v26.4 (Yoast SEO v27.1.1) - https:\/\/yoast.com\/product\/yoast-seo-premium-wordpress\/ -->\n<title>Pieds de table industriels trap\u00e9zo\u00efdaux, cass\u00e9s - jeu de 2 pi\u00e8ces - Metal Story<\/title>\n<meta name=\"robots\" content=\"index, follow, max-snippet:-1, max-image-preview:large, max-video-preview:-1\" \/>\n<link rel=\"canonical\" href=\"https:\/\/metalstory.eu\/fr\/shop\/pieds-de-table-a-manger\/pieds-de-table-industriels-trapezoidaux-casses-jeu-de-2-pieces\/\" \/>\n<meta property=\"og:locale\" content=\"fr_FR\" \/>\n<meta property=\"og:type\" content=\"article\" \/>\n<meta property=\"og:title\" content=\"Pieds de table industriels trap\u00e9zo\u00efdaux, cass\u00e9s - jeu de 2 pi\u00e8ces\" \/>\n<meta property=\"og:description\" content=\"Un superbe design, une forme carr\u00e9e tr\u00e8s populaire. donneront \u00e0 votre table un aspect unique et moderne. Egalement disponible sur commande pour une table \u00e0 caf\u00e9 ou un banc.\" \/>\n<meta property=\"og:url\" content=\"https:\/\/metalstory.eu\/fr\/shop\/pieds-de-table-a-manger\/pieds-de-table-industriels-trapezoidaux-casses-jeu-de-2-pieces\/\" \/>\n<meta property=\"og:site_name\" content=\"Metal Story\" \/>\n<meta property=\"article:modified_time\" content=\"2024-01-09T22:43:06+00:00\" \/>\n<meta property=\"og:image\" content=\"https:\/\/metalstory.eu\/wp-content\/uploads\/2021\/04\/square_curved_1.jpg\" \/>\n\t<meta property=\"og:image:width\" content=\"1024\" \/>\n\t<meta property=\"og:image:height\" content=\"575\" \/>\n\t<meta property=\"og:image:type\" content=\"image\/jpeg\" \/>\n<meta name=\"twitter:card\" content=\"summary_large_image\" \/>\n<meta name=\"twitter:label1\" content=\"Dur\u00e9e de lecture estim\u00e9e\" \/>\n\t<meta name=\"twitter:data1\" content=\"2 minutes\" \/>\n<script type=\"application\/ld+json\" class=\"yoast-schema-graph\">{\"@context\":\"https:\/\/schema.org\",\"@graph\":[{\"@type\":\"WebPage\",\"@id\":\"https:\/\/metalstory.eu\/fr\/shop\/pieds-de-table-a-manger\/pieds-de-table-industriels-trapezoidaux-casses-jeu-de-2-pieces\/\",\"url\":\"https:\/\/metalstory.eu\/fr\/shop\/pieds-de-table-a-manger\/pieds-de-table-industriels-trapezoidaux-casses-jeu-de-2-pieces\/\",\"name\":\"Pieds de table industriels trap\u00e9zo\u00efdaux, cass\u00e9s - jeu de 2 pi\u00e8ces - Metal Story\",\"isPartOf\":{\"@id\":\"https:\/\/metalstory.eu\/#website\"},\"primaryImageOfPage\":{\"@id\":\"https:\/\/metalstory.eu\/fr\/shop\/pieds-de-table-a-manger\/pieds-de-table-industriels-trapezoidaux-casses-jeu-de-2-pieces\/#primaryimage\"},\"image\":{\"@id\":\"https:\/\/metalstory.eu\/fr\/shop\/pieds-de-table-a-manger\/pieds-de-table-industriels-trapezoidaux-casses-jeu-de-2-pieces\/#primaryimage\"},\"thumbnailUrl\":\"https:\/\/metalstory.eu\/wp-content\/uploads\/2021\/04\/square_curved_1.jpg\",\"datePublished\":\"2021-04-25T16:11:27+00:00\",\"dateModified\":\"2024-01-09T22:43:06+00:00\",\"breadcrumb\":{\"@id\":\"https:\/\/metalstory.eu\/fr\/shop\/pieds-de-table-a-manger\/pieds-de-table-industriels-trapezoidaux-casses-jeu-de-2-pieces\/#breadcrumb\"},\"inLanguage\":\"fr-FR\",\"potentialAction\":[{\"@type\":\"ReadAction\",\"target\":[\"https:\/\/metalstory.eu\/fr\/shop\/pieds-de-table-a-manger\/pieds-de-table-industriels-trapezoidaux-casses-jeu-de-2-pieces\/\"]}]},{\"@type\":\"ImageObject\",\"inLanguage\":\"fr-FR\",\"@id\":\"https:\/\/metalstory.eu\/fr\/shop\/pieds-de-table-a-manger\/pieds-de-table-industriels-trapezoidaux-casses-jeu-de-2-pieces\/#primaryimage\",\"url\":\"https:\/\/metalstory.eu\/wp-content\/uploads\/2021\/04\/square_curved_1.jpg\",\"contentUrl\":\"https:\/\/metalstory.eu\/wp-content\/uploads\/2021\/04\/square_curved_1.jpg\",\"width\":1024,\"height\":575},{\"@type\":\"BreadcrumbList\",\"@id\":\"https:\/\/metalstory.eu\/fr\/shop\/pieds-de-table-a-manger\/pieds-de-table-industriels-trapezoidaux-casses-jeu-de-2-pieces\/#breadcrumb\",\"itemListElement\":[{\"@type\":\"ListItem\",\"position\":1,\"name\":\"Home\",\"item\":\"https:\/\/metalstory.eu\/\"},{\"@type\":\"ListItem\",\"position\":2,\"name\":\"Shop\",\"item\":\"https:\/\/metalstory.eu\/shop\/\"},{\"@type\":\"ListItem\",\"position\":3,\"name\":\"Pieds de table industriels trap\u00e9zo\u00efdaux, cass\u00e9s &#8211; jeu de 2 pi\u00e8ces\"}]},{\"@type\":\"WebSite\",\"@id\":\"https:\/\/metalstory.eu\/#website\",\"url\":\"https:\/\/metalstory.eu\/\",\"name\":\"Metal Story\",\"description\":\"Metal Table legs and Stainless legs for Tables\",\"potentialAction\":[{\"@type\":\"SearchAction\",\"target\":{\"@type\":\"EntryPoint\",\"urlTemplate\":\"https:\/\/metalstory.eu\/?s={search_term_string}\"},\"query-input\":{\"@type\":\"PropertyValueSpecification\",\"valueRequired\":true,\"valueName\":\"search_term_string\"}}],\"inLanguage\":\"fr-FR\"}]}<\/script>\n<!-- \/ Yoast SEO Premium plugin. -->","yoast_head_json":{"title":"Pieds de table industriels trap\u00e9zo\u00efdaux, cass\u00e9s - jeu de 2 pi\u00e8ces - Metal Story","robots":{"index":"index","follow":"follow","max-snippet":"max-snippet:-1","max-image-preview":"max-image-preview:large","max-video-preview":"max-video-preview:-1"},"canonical":"https:\/\/metalstory.eu\/fr\/shop\/pieds-de-table-a-manger\/pieds-de-table-industriels-trapezoidaux-casses-jeu-de-2-pieces\/","og_locale":"fr_FR","og_type":"article","og_title":"Pieds de table industriels trap\u00e9zo\u00efdaux, cass\u00e9s - jeu de 2 pi\u00e8ces","og_description":"Un superbe design, une forme carr\u00e9e tr\u00e8s populaire. donneront \u00e0 votre table un aspect unique et moderne. Egalement disponible sur commande pour une table \u00e0 caf\u00e9 ou un banc.","og_url":"https:\/\/metalstory.eu\/fr\/shop\/pieds-de-table-a-manger\/pieds-de-table-industriels-trapezoidaux-casses-jeu-de-2-pieces\/","og_site_name":"Metal Story","article_modified_time":"2024-01-09T22:43:06+00:00","og_image":[{"width":1024,"height":575,"url":"https:\/\/metalstory.eu\/wp-content\/uploads\/2021\/04\/square_curved_1.jpg","type":"image\/jpeg"}],"twitter_card":"summary_large_image","twitter_misc":{"Dur\u00e9e de lecture estim\u00e9e":"2 minutes"},"schema":{"@context":"https:\/\/schema.org","@graph":[{"@type":"WebPage","@id":"https:\/\/metalstory.eu\/fr\/shop\/pieds-de-table-a-manger\/pieds-de-table-industriels-trapezoidaux-casses-jeu-de-2-pieces\/","url":"https:\/\/metalstory.eu\/fr\/shop\/pieds-de-table-a-manger\/pieds-de-table-industriels-trapezoidaux-casses-jeu-de-2-pieces\/","name":"Pieds de table industriels trap\u00e9zo\u00efdaux, cass\u00e9s - jeu de 2 pi\u00e8ces - Metal Story","isPartOf":{"@id":"https:\/\/metalstory.eu\/#website"},"primaryImageOfPage":{"@id":"https:\/\/metalstory.eu\/fr\/shop\/pieds-de-table-a-manger\/pieds-de-table-industriels-trapezoidaux-casses-jeu-de-2-pieces\/#primaryimage"},"image":{"@id":"https:\/\/metalstory.eu\/fr\/shop\/pieds-de-table-a-manger\/pieds-de-table-industriels-trapezoidaux-casses-jeu-de-2-pieces\/#primaryimage"},"thumbnailUrl":"https:\/\/metalstory.eu\/wp-content\/uploads\/2021\/04\/square_curved_1.jpg","datePublished":"2021-04-25T16:11:27+00:00","dateModified":"2024-01-09T22:43:06+00:00","breadcrumb":{"@id":"https:\/\/metalstory.eu\/fr\/shop\/pieds-de-table-a-manger\/pieds-de-table-industriels-trapezoidaux-casses-jeu-de-2-pieces\/#breadcrumb"},"inLanguage":"fr-FR","potentialAction":[{"@type":"ReadAction","target":["https:\/\/metalstory.eu\/fr\/shop\/pieds-de-table-a-manger\/pieds-de-table-industriels-trapezoidaux-casses-jeu-de-2-pieces\/"]}]},{"@type":"ImageObject","inLanguage":"fr-FR","@id":"https:\/\/metalstory.eu\/fr\/shop\/pieds-de-table-a-manger\/pieds-de-table-industriels-trapezoidaux-casses-jeu-de-2-pieces\/#primaryimage","url":"https:\/\/metalstory.eu\/wp-content\/uploads\/2021\/04\/square_curved_1.jpg","contentUrl":"https:\/\/metalstory.eu\/wp-content\/uploads\/2021\/04\/square_curved_1.jpg","width":1024,"height":575},{"@type":"BreadcrumbList","@id":"https:\/\/metalstory.eu\/fr\/shop\/pieds-de-table-a-manger\/pieds-de-table-industriels-trapezoidaux-casses-jeu-de-2-pieces\/#breadcrumb","itemListElement":[{"@type":"ListItem","position":1,"name":"Home","item":"https:\/\/metalstory.eu\/"},{"@type":"ListItem","position":2,"name":"Shop","item":"https:\/\/metalstory.eu\/shop\/"},{"@type":"ListItem","position":3,"name":"Pieds de table industriels trap\u00e9zo\u00efdaux, cass\u00e9s &#8211; jeu de 2 pi\u00e8ces"}]},{"@type":"WebSite","@id":"https:\/\/metalstory.eu\/#website","url":"https:\/\/metalstory.eu\/","name":"Metal Story","description":"Metal Table legs and Stainless legs for Tables","potentialAction":[{"@type":"SearchAction","target":{"@type":"EntryPoint","urlTemplate":"https:\/\/metalstory.eu\/?s={search_term_string}"},"query-input":{"@type":"PropertyValueSpecification","valueRequired":true,"valueName":"search_term_string"}}],"inLanguage":"fr-FR"}]}},"_links":{"self":[{"href":"https:\/\/metalstory.eu\/fr\/wp-json\/wp\/v2\/product\/9081","targetHints":{"allow":["GET"]}}],"collection":[{"href":"https:\/\/metalstory.eu\/fr\/wp-json\/wp\/v2\/product"}],"about":[{"href":"https:\/\/metalstory.eu\/fr\/wp-json\/wp\/v2\/types\/product"}],"replies":[{"embeddable":true,"href":"https:\/\/metalstory.eu\/fr\/wp-json\/wp\/v2\/comments?post=9081"}],"wp:featuredmedia":[{"embeddable":true,"href":"https:\/\/metalstory.eu\/fr\/wp-json\/wp\/v2\/media\/7102"}],"wp:attachment":[{"href":"https:\/\/metalstory.eu\/fr\/wp-json\/wp\/v2\/media?parent=9081"}],"wp:term":[{"taxonomy":"product_brand","embeddable":true,"href":"https:\/\/metalstory.eu\/fr\/wp-json\/wp\/v2\/product_brand?post=9081"},{"taxonomy":"product_cat","embeddable":true,"href":"https:\/\/metalstory.eu\/fr\/wp-json\/wp\/v2\/product_cat?post=9081"},{"taxonomy":"product_tag","embeddable":true,"href":"https:\/\/metalstory.eu\/fr\/wp-json\/wp\/v2\/product_tag?post=9081"}],"curies":[{"name":"wp","href":"https:\/\/api.w.org\/{rel}","templated":true}]}}