{"id":5504,"date":"2021-05-30T11:29:45","date_gmt":"2021-05-30T11:29:45","guid":{"rendered":"https:\/\/metalstory.eu\/?post_type=product&#038;p=5504"},"modified":"2024-01-08T20:22:59","modified_gmt":"2024-01-08T20:22:59","slug":"cztery-pojedyncze-nogi-do-stolu-do-jadali-lub-stolu-kuchennego-zestaw-4-szt","status":"publish","type":"product","link":"https:\/\/metalstory.eu\/pl\/sklep\/podstawy-do-stolow\/cztery-pojedyncze-nogi-do-stolu-do-jadali-lub-stolu-kuchennego-zestaw-4-szt\/","title":{"rendered":"Cztery pojedyncze nogi do sto\u0142u do jadalni lub sto\u0142u kuchennego, zestaw 4 szt."},"content":{"rendered":"<div>\n<div>Cztery pojedyncze proste nogi do sto\u0142u do jadalni lub kuchennego. \u015awietnie nadaje si\u0119 do stolika kawowego, \u0142awki lub sto\u0142u. Dost\u0119pne w wielu r\u00f3\u017cnych kolorach \u2013 unikalnych (takich jak antyczne z\u0142oto, mied\u017a, z\u0142oto) i podstawowych kolorach.<br \/>\nZestaw 4 n\u00f3g wykonany jest z wysokiej jako\u015bci stali.<br \/>\nProdukt mo\u017ce by\u0107 r\u00f3wnie\u017c wykonany ze stali nierdzewnej.<\/div>\n<\/div>\n<div><\/div>\n<div><\/div>\n<div><strong>Wymiary<\/strong><\/div>\n<div>\n<p><strong>Nogi do sto\u0142u:<\/strong><\/p>\n<ul>\n<li>Wysoko\u015b\u0107: 72 cm &#8211; 28.34&#8243;<\/li>\n<\/ul>\n<p>Wykonane z profilu\u00a0 80 x 40 mm<\/p>\n<p>Istnieje r\u00f3wnie\u017c mo\u017cliwo\u015b\u0107 zam\u00f3wienia niestandardowego rozmiaru lub materia\u0142u na nogi do sto\u0142u &#8211; wystarczy skontaktowa\u0107 si\u0119 z nami w celu ustalenia szczeg\u00f3\u0142\u00f3w.<\/p>\n<p>&nbsp;<\/p>\n<p><strong>Niestandardowe nogi<\/strong><\/p>\n<p>Je\u015bli potrzebujesz zmieni\u0107 kolor lub rozmiar po prostu skontaktuj si\u0119 z nami, prosz\u0119.<br \/>\nSprawimy, \u017ce Twoje pomys\u0142y stan\u0105 si\u0119 rzeczywisto\u015bci\u0105!<br \/>\nDla u\u0142atwienia mo\u017cesz poda\u0107 nam kilka dodatkowych informacji, takich jak rozmiar blatu, waga i materia\u0142. Mo\u017cesz r\u00f3wnie\u017c naszkicowa\u0107 sw\u00f3j pomys\u0142 na papierze.<\/p>\n<p>&nbsp;<\/p>\n<p><strong>Cechy<\/strong><\/p>\n<\/div>\n<div>\n<ul>\n<li>Nogi wykonane z wysokiej jako\u015bci stali<\/li>\n<li>Szczeg\u00f3\u0142owo szlifowane w celu uzyskania g\u0142adkiej powierzchni.<\/li>\n<li>Odporne na zarysowania, trwa\u0142e, doskona\u0142e wyko\u0144czenie farb\u0105 proszkow\u0105 dost\u0119pne w wielu kolorach, takich jak efekt miedzi\/z\u0142ota, antyczny, po\u0142ysk dla ka\u017cdego koloru.<\/li>\n<li>Wyj\u0105tkowa jako\u015b\u0107 &#8211; dbamy o szczeg\u00f3\u0142y.<\/li>\n<li>\u0141atwy do utrzymania w czysto\u015bci.<\/li>\n<li>Twoje zam\u00f3wienie jest bardzo starannie pakowane w bezpieczne pude\u0142ko na czas podr\u00f3\u017cy.<\/li>\n<li>Standardowo wszystkie nogi posiadaj\u0105 otwory monta\u017cowe.<\/li>\n<\/ul>\n<p>&nbsp;<\/p>\n<p><strong>Dostawa<\/strong><\/p>\n<p>Czas przygotowania n\u00f3g to oko\u0142o 6-8 dni roboczych. Czas dostawy to 3-15 dni roboczych w zale\u017cno\u015bci od kraju dostawy.<\/p>\n<p>Podstawy wysy\u0142amy na ca\u0142y \u015bwiat.<\/p>\n<p>Standardowy czas wysy\u0142ki :<\/p>\n<ul>\n<li>Unia Europejska: 3-5 dni<\/li>\n<li>USA, Kanada: 5-15 dni<\/li>\n<\/ul>\n<p>Ze wzgl\u0119du na sytuacj\u0119 zwi\u0105zan\u0105 z COVID nie mo\u017cemy zagwarantowa\u0107 tych czas\u00f3w wysy\u0142ki.<\/p>\n<p>Czas ten mo\u017ce si\u0119 wyd\u0142u\u017cy\u0107 z powodu problem\u00f3w z dostaw\u0105, op\u00f3\u017cnieniami w prze\u0142adunku &#8211; prosimy o kontakt jesli dostawa si\u0119 op\u00f3\u017ani.<br \/>\n<script type=\"module\" src=\"https:\/\/ajax.googleapis.com\/ajax\/libs\/model-viewer\/3.3.0\/model-viewer.min.js\"><\/script><\/p>\n<p><model-viewer \nstyle=\"width: 100%; height: 500px; top: 0px;  position: sticky; background-color: #fcfcfc;\"\nsrc=\"https:\/\/metalstory.eu\/wp-content\/uploads\/2024\/01\/13-four-single-angle-legs.glb\" ar ar-modes=\"webxr scene-viewer quick-look\" camera-controls poster=\"poster.webp\" shadow-intensity=\"2\" exposure=\"0.79\" environment-image=\"legacy\" shadow-softness=\"1\" tone-mapping=\"commerce\" max-field-of-view='25deg' auto-rotate>\n<\/p>\n<div class=\"progress-bar show\" slot=\"progress-bar\">\n<div class=\"update-bar\"><\/div>\n<\/p>\n<\/div>\n<p><\/model-viewer><\/p>\n<p>&nbsp;<\/p>\n\n\t\t\t<style type='text\/css'>\n\t\t\t\t#sc_gallery-1 {\n\t\t\t\t\tmargin: auto;\n\t\t\t\t}\n\t\t\t\t#sc_gallery-1 .gallery-item {\n\t\t\t\t\tfloat: left;\n\t\t\t\t\ttext-align: center;\n\t\t\t\t\twidth: 19.99%;\n\t\t\t\t}\n\t\t\t\t#sc_gallery-1 img {\n\t\t\t\t\tborder: 2px solid #cfcfcf;\n\t\t\t\t}\n\t\t\t\t\/* see sc_gallery() in functions\/theme-shortcodes.php *\/\n\t\t\t<\/style>\n\t\t<div id='sc_gallery-1' class='gallery galleryid-5504 gallery-columns-5 gallery-size-thumbnail file element_classes gallery-default'><dl class='gallery-item'  data-title='13 four single angle legs' data-description=''><div class='gallery-item-wrapper'>\n\t\t\t\t<dt class='gallery-icon landscape'>\n\t\t\t\t\t<a href='https:\/\/metalstory.eu\/wp-content\/uploads\/2021\/05\/13-four-single-angle-legs.jpg'><img loading=\"lazy\" decoding=\"async\" width=\"150\" height=\"85\" src=\"https:\/\/metalstory.eu\/wp-content\/uploads\/2021\/05\/13-four-single-angle-legs.jpg\" class=\"attachment-thumbnail size-thumbnail\" alt=\"\" srcset=\"https:\/\/metalstory.eu\/wp-content\/uploads\/2021\/05\/13-four-single-angle-legs.jpg 1024w, https:\/\/metalstory.eu\/wp-content\/uploads\/2021\/05\/13-four-single-angle-legs-800x451.jpg 800w\" sizes=\"auto, (max-width:767px) 150px, 150px\" \/><\/a>\n\t\t\t\t<\/dt><\/div><\/dl><dl class='gallery-item'  data-title='13 four single angle legs 5' data-description=''><div class='gallery-item-wrapper'>\n\t\t\t\t<dt class='gallery-icon landscape'>\n\t\t\t\t\t<a href='https:\/\/metalstory.eu\/wp-content\/uploads\/2021\/05\/13-four-single-angle-legs-5.jpg'><img loading=\"lazy\" decoding=\"async\" width=\"150\" height=\"85\" src=\"https:\/\/metalstory.eu\/wp-content\/uploads\/2021\/05\/13-four-single-angle-legs-5.jpg\" class=\"attachment-thumbnail size-thumbnail\" alt=\"\" srcset=\"https:\/\/metalstory.eu\/wp-content\/uploads\/2021\/05\/13-four-single-angle-legs-5.jpg 1024w, https:\/\/metalstory.eu\/wp-content\/uploads\/2021\/05\/13-four-single-angle-legs-5-800x451.jpg 800w\" sizes=\"auto, (max-width:767px) 150px, 150px\" \/><\/a>\n\t\t\t\t<\/dt><\/div><\/dl><dl class='gallery-item'  data-title='13 four single angle legs 2' data-description=''><div class='gallery-item-wrapper'>\n\t\t\t\t<dt class='gallery-icon landscape'>\n\t\t\t\t\t<a href='https:\/\/metalstory.eu\/wp-content\/uploads\/2021\/05\/13-four-single-angle-legs-2.jpg'><img loading=\"lazy\" decoding=\"async\" width=\"150\" height=\"85\" src=\"https:\/\/metalstory.eu\/wp-content\/uploads\/2021\/05\/13-four-single-angle-legs-2.jpg\" class=\"attachment-thumbnail size-thumbnail\" alt=\"\" srcset=\"https:\/\/metalstory.eu\/wp-content\/uploads\/2021\/05\/13-four-single-angle-legs-2.jpg 1024w, https:\/\/metalstory.eu\/wp-content\/uploads\/2021\/05\/13-four-single-angle-legs-2-800x451.jpg 800w\" sizes=\"auto, (max-width:767px) 150px, 150px\" \/><\/a>\n\t\t\t\t<\/dt><\/div><\/dl><dl class='gallery-item'  data-title='13 four single angle legs 4' data-description=''><div class='gallery-item-wrapper'>\n\t\t\t\t<dt class='gallery-icon landscape'>\n\t\t\t\t\t<a href='https:\/\/metalstory.eu\/wp-content\/uploads\/2021\/05\/13-four-single-angle-legs-4.jpg'><img loading=\"lazy\" decoding=\"async\" width=\"150\" height=\"85\" src=\"https:\/\/metalstory.eu\/wp-content\/uploads\/2021\/05\/13-four-single-angle-legs-4.jpg\" class=\"attachment-thumbnail size-thumbnail\" alt=\"\" srcset=\"https:\/\/metalstory.eu\/wp-content\/uploads\/2021\/05\/13-four-single-angle-legs-4.jpg 1024w, https:\/\/metalstory.eu\/wp-content\/uploads\/2021\/05\/13-four-single-angle-legs-4-800x451.jpg 800w\" sizes=\"auto, (max-width:767px) 150px, 150px\" \/><\/a>\n\t\t\t\t<\/dt><\/div><\/dl><dl class='gallery-item'  data-title='13 four single angle legs 3' data-description=''><div class='gallery-item-wrapper'>\n\t\t\t\t<dt class='gallery-icon landscape'>\n\t\t\t\t\t<a href='https:\/\/metalstory.eu\/wp-content\/uploads\/2021\/05\/13-four-single-angle-legs-3.jpg'><img loading=\"lazy\" decoding=\"async\" width=\"150\" height=\"85\" src=\"https:\/\/metalstory.eu\/wp-content\/uploads\/2021\/05\/13-four-single-angle-legs-3.jpg\" class=\"attachment-thumbnail size-thumbnail\" alt=\"\" srcset=\"https:\/\/metalstory.eu\/wp-content\/uploads\/2021\/05\/13-four-single-angle-legs-3.jpg 1024w, https:\/\/metalstory.eu\/wp-content\/uploads\/2021\/05\/13-four-single-angle-legs-3-800x451.jpg 800w\" sizes=\"auto, (max-width:767px) 150px, 150px\" \/><\/a>\n\t\t\t\t<\/dt><\/div><\/dl><br style=\"clear: both\" \/>\n\t\t\t<\/div>\n\n<\/div>\n<hr class=\"\" style=\"margin:0 auto 30px;\"\/>\n\n<h6><strong><span style=\"color: #ff9900;\"><i class=\"icon-truck-line\" style=\"\" aria-hidden=\"true\"><\/i><\/span> Wysy\u0142ka na ca\u0142ty \u015bwiat<\/strong><\/h6>\n<h6><strong><span style=\"color: #ff9900;\"><i class=\"icon-credit-card\" style=\"\" aria-hidden=\"true\"><\/i><\/span> MasterCard, VISA, PayPal, Google Pay, Apple Pay, przelew<\/strong><\/h6>\n<h6><strong><span style=\"color: #ff9900;\"><i class=\"icon-lock\" style=\"\" aria-hidden=\"true\"><\/i><\/span> Bezpieczna p\u0142atno\u015b\u0107<\/strong><\/h6>\n<h6><strong><span style=\"color: #ff9900;\"><i class=\"icon-clock\" style=\"\" aria-hidden=\"true\"><\/i> <\/span><\/strong><strong>Szybka dostawa &#8211; wprost z naszej pracowni!<\/strong><\/h6>\n<h6>\n<div class=\"wpcf7 no-js\" id=\"wpcf7-f4954-o1\" lang=\"en-US\" dir=\"ltr\" data-wpcf7-id=\"4954\">\n<div class=\"screen-reader-response\"><p role=\"status\" aria-live=\"polite\" aria-atomic=\"true\"><\/p> <ul><\/ul><\/div>\n<form action=\"\/pl\/wp-json\/wp\/v2\/product\/5504#wpcf7-f4954-o1\" method=\"post\" class=\"wpcf7-form init\" aria-label=\"Contact form\" novalidate=\"novalidate\" data-status=\"init\">\n<fieldset class=\"hidden-fields-container\"><input type=\"hidden\" name=\"_wpcf7\" value=\"4954\" \/><input type=\"hidden\" name=\"_wpcf7_version\" value=\"6.1.5\" \/><input type=\"hidden\" name=\"_wpcf7_locale\" value=\"en_US\" \/><input type=\"hidden\" name=\"_wpcf7_unit_tag\" value=\"wpcf7-f4954-o1\" \/><input type=\"hidden\" name=\"_wpcf7_container_post\" value=\"0\" \/><input type=\"hidden\" name=\"_wpcf7_posted_data_hash\" value=\"\" \/><input type=\"hidden\" name=\"_wpcf7dtx_version\" value=\"5.0.5\" \/><input type=\"hidden\" name=\"_wpcf7_recaptcha_response\" value=\"\" \/>\n<\/fieldset>\n<h5 style=\"margin-bottom: 5px;\">Z\u0142\u00f3\u017c zapytanie\n<\/h5>\n<p><strong>E-mail: <\/strong><a style=\"color: #404040\">info (at) metalstory (dot) eu<\/a>\n<\/p>\n<div class=\"column one-third\">\n\t<p><span class=\"wpcf7-form-control-wrap\" data-name=\"your-name\"><input size=\"40\" maxlength=\"400\" class=\"wpcf7-form-control wpcf7-text wpcf7-validates-as-required\" aria-required=\"true\" aria-invalid=\"false\" placeholder=\"Imi\u0119 i nazwisko\" value=\"\" type=\"text\" name=\"your-name\" \/><\/span>\n\t<\/p>\n<\/div>\n<div class=\"column one-third\">\n\t<p><span class=\"wpcf7-form-control-wrap\" data-name=\"your-email\"><input size=\"40\" maxlength=\"400\" class=\"wpcf7-form-control wpcf7-email wpcf7-validates-as-required wpcf7-text wpcf7-validates-as-email\" aria-required=\"true\" aria-invalid=\"false\" placeholder=\"Adres e-mail\" value=\"\" type=\"email\" name=\"your-email\" \/><\/span>\n\t<\/p>\n<\/div>\n<div class=\"column one-third\">\n\t<p><span class=\"wpcf7-form-control-wrap\" data-name=\"your-phone\"><input class=\"wpcf7-form-control wpcf7-number wpcf7-validates-as-number\" aria-invalid=\"false\" placeholder=\"Telefon\" value=\"\" type=\"number\" name=\"your-phone\" \/><\/span>\n\t<\/p>\n<\/div>\n<div class=\"column one\">\n\t<p><span class=\"wpcf7-form-control-wrap your-subject\" data-name=\"your-subject\"><input type=\"text\" name=\"your-subject\" class=\"wpcf7-form-control wpcf7-text wpcf7dtx wpcf7dtx-text\" aria-invalid=\"false\" value=\"Cztery pojedyncze nogi do sto\u0142u do jadalni lub sto\u0142u kuchennego, zestaw 4 szt.\"><\/span>\n\t<\/p>\n<\/div>\n<div class=\"column one\">\n\t<p><span class=\"wpcf7-form-control-wrap\" data-name=\"your-message\"><textarea cols=\"40\" rows=\"10\" maxlength=\"2000\" class=\"wpcf7-form-control wpcf7-textarea\" aria-invalid=\"false\" placeholder=\"Wiadomo\u015b\u0107\" name=\"your-message\"><\/textarea><\/span>\n\t<\/p>\n<\/div>\n<div class=\"column one\">\n<span class=\"wpcf7-form-control-wrap recaptcha\" data-name=\"recaptcha\"><span data-sitekey=\"6Lc6jIYaAAAAAPJllJmSeJ8TC9-3lK8IS12T13qp\" class=\"wpcf7-form-control wpcf7-recaptcha g-recaptcha\"><\/span>\r\n<noscript>\r\n\t<div class=\"grecaptcha-noscript\">\r\n\t\t<iframe loading=\"lazy\" src=\"https:\/\/www.google.com\/recaptcha\/api\/fallback?k=6Lc6jIYaAAAAAPJllJmSeJ8TC9-3lK8IS12T13qp\" frameborder=\"0\" scrolling=\"no\" width=\"310\" height=\"430\">\r\n\t\t<\/iframe>\r\n\t\t<textarea name=\"g-recaptcha-response\" rows=\"3\" cols=\"40\" placeholder=\"reCaptcha Response Here\">\r\n\t\t<\/textarea>\r\n\t<\/div>\r\n<\/noscript>\r\n<\/span>\n<\/div>\n<p><label><br \/>\n<span class=\"wpcf7-form-control-wrap\" data-name=\"acceptance-737\"><span class=\"wpcf7-form-control wpcf7-acceptance\"><span class=\"wpcf7-list-item\"><label><input type=\"checkbox\" name=\"acceptance-737\" value=\"1\" aria-invalid=\"false\" \/><span class=\"wpcf7-list-item-label\">Tak, wyra\u017cam zgod\u0119 na przechowywanie moich danych zgodnie z wytycznymi zawartymi w <a href=\"https:\/\/metalstory.eu\/pl\/polityka-prywatnosci\/\">Polityce prywatno\u015bci<\/a>.<\/p><\/span><\/label><\/span><\/span><\/span><br \/>\n<\/label>\n<\/p>\n<div class=\"column one\">\n\t<p><input class=\"wpcf7-form-control wpcf7-submit has-spinner\" type=\"submit\" value=\"Wy\u015blij wiadomo\u015b\u0107\" \/>\n\t<\/p>\n<\/div>\n<span class=\"wpcf7-form-control-wrap dynamichidden-508\" data-name=\"dynamichidden-508\"><input type=\"hidden\" name=\"dynamichidden-508\" class=\"wpcf7-form-control wpcf7-hidden wpcf7dtx wpcf7dtx-hidden\" aria-invalid=\"false\" value=\"https:\/\/metalstory.eu\/pl\/wp-json\/wp\/v2\/product\/5504\"><\/span><div class=\"wpcf7-response-output\" aria-hidden=\"true\"><\/div>\n<\/form>\n<\/div>\n<\/h6>\n","protected":false},"excerpt":{"rendered":"<p>Zestaw 4 n\u00f3g\u00a0 do sto\u0142u do jadalni. Uniwersalne zastosowanie. <strong>Metalowe nogi<\/strong> nadadz\u0105 Twojemu stolikowi <strong>niepowtarzalny<\/strong> i nowoczesny wygl\u0105d.<br \/>\nMo\u017cliwo\u015b\u0107 zam\u00f3wienia r\u00f3wnie\u017c w rozmiarze dla <strong>stolika kawowego lub \u0142awki.<\/strong><br \/>\n<script type=\"module\" src=\"https:\/\/ajax.googleapis.com\/ajax\/libs\/model-viewer\/3.3.0\/model-viewer.min.js\"><\/script><\/p>\n<p><model-viewer \nstyle=\"width: 100%; height: 300px; top: 0px;  position: sticky; background-color: #fcfcfc;\"\nsrc=\"https:\/\/metalstory.eu\/wp-content\/uploads\/2024\/01\/13-four-single-angle-legs.glb\" ar ar-modes=\"webxr scene-viewer quick-look\" camera-controls poster=\"poster.webp\" shadow-intensity=\"2\" exposure=\"0.79\" environment-image=\"legacy\" shadow-softness=\"1\" tone-mapping=\"commerce\" max-field-of-view='25deg' auto-rotate>\n<\/p>\n<div class=\"progress-bar show\" slot=\"progress-bar\">\n<div class=\"update-bar\"><\/div>\n<\/p>\n<\/div>\n<p><\/model-viewer><\/p>\n<p>&nbsp;<\/p>\n","protected":false},"featured_media":5578,"comment_status":"closed","ping_status":"closed","template":"","meta":[],"product_brand":[],"product_cat":[101],"product_tag":[],"class_list":{"0":"post-5504","1":"product","2":"type-product","3":"status-publish","4":"has-post-thumbnail","6":"product_cat-podstawy-do-stolow","8":"first","9":"instock","10":"taxable","11":"shipping-taxable","12":"purchasable","13":"product-type-variable","14":"has-default-attributes"},"bundled_by":[],"bundle_stock_status":"instock","bundle_stock_quantity":null,"bundle_virtual":false,"bundle_layout":"","bundle_add_to_cart_form_location":"","bundle_editable_in_cart":false,"bundle_sold_individually_context":"","bundle_item_grouping":"","bundle_min_size":"","bundle_max_size":"","bundle_price":[],"bundled_items":[],"bundle_sell_ids":[],"yoast_head":"<!-- This site is optimized with the Yoast SEO Premium plugin v26.4 (Yoast SEO v27.1.1) - https:\/\/yoast.com\/product\/yoast-seo-premium-wordpress\/ -->\n<title>Cztery pojedyncze nogi do sto\u0142u do jadalni lub sto\u0142u kuchennego, zestaw 4 szt. - Metal Story<\/title>\n<meta name=\"robots\" content=\"index, follow, max-snippet:-1, max-image-preview:large, max-video-preview:-1\" \/>\n<link rel=\"canonical\" href=\"https:\/\/metalstory.eu\/pl\/sklep\/podstawy-do-stolow\/cztery-pojedyncze-nogi-do-stolu-do-jadali-lub-stolu-kuchennego-zestaw-4-szt\/\" \/>\n<meta property=\"og:locale\" content=\"pl_PL\" \/>\n<meta property=\"og:type\" content=\"article\" \/>\n<meta property=\"og:title\" content=\"Cztery pojedyncze nogi do sto\u0142u do jadalni lub sto\u0142u kuchennego, zestaw 4 szt.\" \/>\n<meta property=\"og:description\" content=\"Zestaw 4 n\u00f3g\u00a0 do sto\u0142u do jadalni. Uniwersalne zastosowanie. Metalowe nogi nadadz\u0105 Twojemu stolikowi niepowtarzalny i nowoczesny wygl\u0105d. Mo\u017cliwo\u015b\u0107 zam\u00f3wienia r\u00f3wnie\u017c w rozmiarze dla stolika kawowego lub \u0142awki.         &nbsp;\" \/>\n<meta property=\"og:url\" content=\"https:\/\/metalstory.eu\/pl\/sklep\/podstawy-do-stolow\/cztery-pojedyncze-nogi-do-stolu-do-jadali-lub-stolu-kuchennego-zestaw-4-szt\/\" \/>\n<meta property=\"og:site_name\" content=\"Metal Story\" \/>\n<meta property=\"article:modified_time\" content=\"2024-01-08T20:22:59+00:00\" \/>\n<meta property=\"og:image\" content=\"https:\/\/metalstory.eu\/wp-content\/uploads\/2021\/05\/13-four-single-angle-legs-3.jpg\" \/>\n\t<meta property=\"og:image:width\" content=\"1024\" \/>\n\t<meta property=\"og:image:height\" content=\"577\" \/>\n\t<meta property=\"og:image:type\" content=\"image\/jpeg\" \/>\n<meta name=\"twitter:card\" content=\"summary_large_image\" \/>\n<meta name=\"twitter:label1\" content=\"Szacowany czas czytania\" \/>\n\t<meta name=\"twitter:data1\" content=\"2 minuty\" \/>\n<script type=\"application\/ld+json\" class=\"yoast-schema-graph\">{\"@context\":\"https:\/\/schema.org\",\"@graph\":[{\"@type\":\"WebPage\",\"@id\":\"https:\/\/metalstory.eu\/pl\/sklep\/podstawy-do-stolow\/cztery-pojedyncze-nogi-do-stolu-do-jadali-lub-stolu-kuchennego-zestaw-4-szt\/\",\"url\":\"https:\/\/metalstory.eu\/pl\/sklep\/podstawy-do-stolow\/cztery-pojedyncze-nogi-do-stolu-do-jadali-lub-stolu-kuchennego-zestaw-4-szt\/\",\"name\":\"Cztery pojedyncze nogi do sto\u0142u do jadalni lub sto\u0142u kuchennego, zestaw 4 szt. - Metal Story\",\"isPartOf\":{\"@id\":\"https:\/\/metalstory.eu\/#website\"},\"primaryImageOfPage\":{\"@id\":\"https:\/\/metalstory.eu\/pl\/sklep\/podstawy-do-stolow\/cztery-pojedyncze-nogi-do-stolu-do-jadali-lub-stolu-kuchennego-zestaw-4-szt\/#primaryimage\"},\"image\":{\"@id\":\"https:\/\/metalstory.eu\/pl\/sklep\/podstawy-do-stolow\/cztery-pojedyncze-nogi-do-stolu-do-jadali-lub-stolu-kuchennego-zestaw-4-szt\/#primaryimage\"},\"thumbnailUrl\":\"https:\/\/metalstory.eu\/wp-content\/uploads\/2021\/05\/13-four-single-angle-legs-3.jpg\",\"datePublished\":\"2021-05-30T11:29:45+00:00\",\"dateModified\":\"2024-01-08T20:22:59+00:00\",\"breadcrumb\":{\"@id\":\"https:\/\/metalstory.eu\/pl\/sklep\/podstawy-do-stolow\/cztery-pojedyncze-nogi-do-stolu-do-jadali-lub-stolu-kuchennego-zestaw-4-szt\/#breadcrumb\"},\"inLanguage\":\"pl-PL\",\"potentialAction\":[{\"@type\":\"ReadAction\",\"target\":[\"https:\/\/metalstory.eu\/pl\/sklep\/podstawy-do-stolow\/cztery-pojedyncze-nogi-do-stolu-do-jadali-lub-stolu-kuchennego-zestaw-4-szt\/\"]}]},{\"@type\":\"ImageObject\",\"inLanguage\":\"pl-PL\",\"@id\":\"https:\/\/metalstory.eu\/pl\/sklep\/podstawy-do-stolow\/cztery-pojedyncze-nogi-do-stolu-do-jadali-lub-stolu-kuchennego-zestaw-4-szt\/#primaryimage\",\"url\":\"https:\/\/metalstory.eu\/wp-content\/uploads\/2021\/05\/13-four-single-angle-legs-3.jpg\",\"contentUrl\":\"https:\/\/metalstory.eu\/wp-content\/uploads\/2021\/05\/13-four-single-angle-legs-3.jpg\",\"width\":1024,\"height\":577},{\"@type\":\"BreadcrumbList\",\"@id\":\"https:\/\/metalstory.eu\/pl\/sklep\/podstawy-do-stolow\/cztery-pojedyncze-nogi-do-stolu-do-jadali-lub-stolu-kuchennego-zestaw-4-szt\/#breadcrumb\",\"itemListElement\":[{\"@type\":\"ListItem\",\"position\":1,\"name\":\"Home\",\"item\":\"https:\/\/metalstory.eu\/\"},{\"@type\":\"ListItem\",\"position\":2,\"name\":\"Shop\",\"item\":\"https:\/\/metalstory.eu\/shop\/\"},{\"@type\":\"ListItem\",\"position\":3,\"name\":\"Cztery pojedyncze nogi do sto\u0142u do jadalni lub sto\u0142u kuchennego, zestaw 4 szt.\"}]},{\"@type\":\"WebSite\",\"@id\":\"https:\/\/metalstory.eu\/#website\",\"url\":\"https:\/\/metalstory.eu\/\",\"name\":\"Metal Story\",\"description\":\"Metal Table legs and Stainless legs for Tables\",\"potentialAction\":[{\"@type\":\"SearchAction\",\"target\":{\"@type\":\"EntryPoint\",\"urlTemplate\":\"https:\/\/metalstory.eu\/?s={search_term_string}\"},\"query-input\":{\"@type\":\"PropertyValueSpecification\",\"valueRequired\":true,\"valueName\":\"search_term_string\"}}],\"inLanguage\":\"pl-PL\"}]}<\/script>\n<!-- \/ Yoast SEO Premium plugin. -->","yoast_head_json":{"title":"Cztery pojedyncze nogi do sto\u0142u do jadalni lub sto\u0142u kuchennego, zestaw 4 szt. - Metal Story","robots":{"index":"index","follow":"follow","max-snippet":"max-snippet:-1","max-image-preview":"max-image-preview:large","max-video-preview":"max-video-preview:-1"},"canonical":"https:\/\/metalstory.eu\/pl\/sklep\/podstawy-do-stolow\/cztery-pojedyncze-nogi-do-stolu-do-jadali-lub-stolu-kuchennego-zestaw-4-szt\/","og_locale":"pl_PL","og_type":"article","og_title":"Cztery pojedyncze nogi do sto\u0142u do jadalni lub sto\u0142u kuchennego, zestaw 4 szt.","og_description":"Zestaw 4 n\u00f3g\u00a0 do sto\u0142u do jadalni. Uniwersalne zastosowanie. Metalowe nogi nadadz\u0105 Twojemu stolikowi niepowtarzalny i nowoczesny wygl\u0105d. Mo\u017cliwo\u015b\u0107 zam\u00f3wienia r\u00f3wnie\u017c w rozmiarze dla stolika kawowego lub \u0142awki.         &nbsp;","og_url":"https:\/\/metalstory.eu\/pl\/sklep\/podstawy-do-stolow\/cztery-pojedyncze-nogi-do-stolu-do-jadali-lub-stolu-kuchennego-zestaw-4-szt\/","og_site_name":"Metal Story","article_modified_time":"2024-01-08T20:22:59+00:00","og_image":[{"width":1024,"height":577,"url":"https:\/\/metalstory.eu\/wp-content\/uploads\/2021\/05\/13-four-single-angle-legs-3.jpg","type":"image\/jpeg"}],"twitter_card":"summary_large_image","twitter_misc":{"Szacowany czas czytania":"2 minuty"},"schema":{"@context":"https:\/\/schema.org","@graph":[{"@type":"WebPage","@id":"https:\/\/metalstory.eu\/pl\/sklep\/podstawy-do-stolow\/cztery-pojedyncze-nogi-do-stolu-do-jadali-lub-stolu-kuchennego-zestaw-4-szt\/","url":"https:\/\/metalstory.eu\/pl\/sklep\/podstawy-do-stolow\/cztery-pojedyncze-nogi-do-stolu-do-jadali-lub-stolu-kuchennego-zestaw-4-szt\/","name":"Cztery pojedyncze nogi do sto\u0142u do jadalni lub sto\u0142u kuchennego, zestaw 4 szt. - Metal Story","isPartOf":{"@id":"https:\/\/metalstory.eu\/#website"},"primaryImageOfPage":{"@id":"https:\/\/metalstory.eu\/pl\/sklep\/podstawy-do-stolow\/cztery-pojedyncze-nogi-do-stolu-do-jadali-lub-stolu-kuchennego-zestaw-4-szt\/#primaryimage"},"image":{"@id":"https:\/\/metalstory.eu\/pl\/sklep\/podstawy-do-stolow\/cztery-pojedyncze-nogi-do-stolu-do-jadali-lub-stolu-kuchennego-zestaw-4-szt\/#primaryimage"},"thumbnailUrl":"https:\/\/metalstory.eu\/wp-content\/uploads\/2021\/05\/13-four-single-angle-legs-3.jpg","datePublished":"2021-05-30T11:29:45+00:00","dateModified":"2024-01-08T20:22:59+00:00","breadcrumb":{"@id":"https:\/\/metalstory.eu\/pl\/sklep\/podstawy-do-stolow\/cztery-pojedyncze-nogi-do-stolu-do-jadali-lub-stolu-kuchennego-zestaw-4-szt\/#breadcrumb"},"inLanguage":"pl-PL","potentialAction":[{"@type":"ReadAction","target":["https:\/\/metalstory.eu\/pl\/sklep\/podstawy-do-stolow\/cztery-pojedyncze-nogi-do-stolu-do-jadali-lub-stolu-kuchennego-zestaw-4-szt\/"]}]},{"@type":"ImageObject","inLanguage":"pl-PL","@id":"https:\/\/metalstory.eu\/pl\/sklep\/podstawy-do-stolow\/cztery-pojedyncze-nogi-do-stolu-do-jadali-lub-stolu-kuchennego-zestaw-4-szt\/#primaryimage","url":"https:\/\/metalstory.eu\/wp-content\/uploads\/2021\/05\/13-four-single-angle-legs-3.jpg","contentUrl":"https:\/\/metalstory.eu\/wp-content\/uploads\/2021\/05\/13-four-single-angle-legs-3.jpg","width":1024,"height":577},{"@type":"BreadcrumbList","@id":"https:\/\/metalstory.eu\/pl\/sklep\/podstawy-do-stolow\/cztery-pojedyncze-nogi-do-stolu-do-jadali-lub-stolu-kuchennego-zestaw-4-szt\/#breadcrumb","itemListElement":[{"@type":"ListItem","position":1,"name":"Home","item":"https:\/\/metalstory.eu\/"},{"@type":"ListItem","position":2,"name":"Shop","item":"https:\/\/metalstory.eu\/shop\/"},{"@type":"ListItem","position":3,"name":"Cztery pojedyncze nogi do sto\u0142u do jadalni lub sto\u0142u kuchennego, zestaw 4 szt."}]},{"@type":"WebSite","@id":"https:\/\/metalstory.eu\/#website","url":"https:\/\/metalstory.eu\/","name":"Metal Story","description":"Metal Table legs and Stainless legs for Tables","potentialAction":[{"@type":"SearchAction","target":{"@type":"EntryPoint","urlTemplate":"https:\/\/metalstory.eu\/?s={search_term_string}"},"query-input":{"@type":"PropertyValueSpecification","valueRequired":true,"valueName":"search_term_string"}}],"inLanguage":"pl-PL"}]}},"_links":{"self":[{"href":"https:\/\/metalstory.eu\/pl\/wp-json\/wp\/v2\/product\/5504","targetHints":{"allow":["GET"]}}],"collection":[{"href":"https:\/\/metalstory.eu\/pl\/wp-json\/wp\/v2\/product"}],"about":[{"href":"https:\/\/metalstory.eu\/pl\/wp-json\/wp\/v2\/types\/product"}],"replies":[{"embeddable":true,"href":"https:\/\/metalstory.eu\/pl\/wp-json\/wp\/v2\/comments?post=5504"}],"wp:featuredmedia":[{"embeddable":true,"href":"https:\/\/metalstory.eu\/pl\/wp-json\/wp\/v2\/media\/5578"}],"wp:attachment":[{"href":"https:\/\/metalstory.eu\/pl\/wp-json\/wp\/v2\/media?parent=5504"}],"wp:term":[{"taxonomy":"product_brand","embeddable":true,"href":"https:\/\/metalstory.eu\/pl\/wp-json\/wp\/v2\/product_brand?post=5504"},{"taxonomy":"product_cat","embeddable":true,"href":"https:\/\/metalstory.eu\/pl\/wp-json\/wp\/v2\/product_cat?post=5504"},{"taxonomy":"product_tag","embeddable":true,"href":"https:\/\/metalstory.eu\/pl\/wp-json\/wp\/v2\/product_tag?post=5504"}],"curies":[{"name":"wp","href":"https:\/\/api.w.org\/{rel}","templated":true}]}}